{"id":863,"date":"2022-10-27T14:13:28","date_gmt":"2022-10-27T14:13:28","guid":{"rendered":"https:\/\/www.icodtesa.com.es\/GESTION\/?page_id=863"},"modified":"2025-07-07T10:29:07","modified_gmt":"2025-07-07T10:29:07","slug":"informacion-sobre-encomiendas-de-gestion","status":"publish","type":"page","link":"https:\/\/www.icodtesa.com.es\/GESTION\/informacion-sobre-encomiendas-de-gestion\/","title":{"rendered":"Informaci\u00f3n sobre encomiendas de gesti\u00f3n"},"content":{"rendered":"\t\t<div data-elementor-type=\"wp-page\" data-elementor-id=\"863\" class=\"elementor elementor-863\" data-elementor-post-type=\"page\">\n\t\t\t\t\t\t<section class=\"elementor-section elementor-top-section elementor-element elementor-element-c40adba elementor-section-stretched elementor-section-boxed elementor-section-height-default elementor-section-height-default\" data-id=\"c40adba\" data-element_type=\"section\" data-settings=\"{&quot;stretch_section&quot;:&quot;section-stretched&quot;,&quot;background_background&quot;:&quot;classic&quot;}\">\n\t\t\t\t\t\t<div class=\"elementor-container elementor-column-gap-default\">\n\t\t\t\t\t<div class=\"elementor-column elementor-col-100 elementor-top-column elementor-element elementor-element-1e55f07\" data-id=\"1e55f07\" data-element_type=\"column\">\n\t\t\t<div class=\"elementor-widget-wrap elementor-element-populated\">\n\t\t\t\t\t\t<div class=\"elementor-element elementor-element-7f19bf7 elementor-widget elementor-widget-spacer\" data-id=\"7f19bf7\" data-element_type=\"widget\" data-widget_type=\"spacer.default\">\n\t\t\t\t<div class=\"elementor-widget-container\">\n\t\t\t\t\t\t\t<div class=\"elementor-spacer\">\n\t\t\t<div class=\"elementor-spacer-inner\"><\/div>\n\t\t<\/div>\n\t\t\t\t\t\t<\/div>\n\t\t\t\t<\/div>\n\t\t\t\t<div class=\"elementor-element elementor-element-26b1538 elementor-widget elementor-widget-heading\" data-id=\"26b1538\" data-element_type=\"widget\" data-widget_type=\"heading.default\">\n\t\t\t\t<div class=\"elementor-widget-container\">\n\t\t\t\t\t<h2 class=\"elementor-heading-title elementor-size-default\">Informaci\u00f3n sobre encomiendas de gesti\u00f3n<\/h2>\t\t\t\t<\/div>\n\t\t\t\t<\/div>\n\t\t\t\t<div class=\"elementor-element elementor-element-0f657f8 elementor-widget elementor-widget-spacer\" data-id=\"0f657f8\" data-element_type=\"widget\" data-widget_type=\"spacer.default\">\n\t\t\t\t<div class=\"elementor-widget-container\">\n\t\t\t\t\t\t\t<div class=\"elementor-spacer\">\n\t\t\t<div class=\"elementor-spacer-inner\"><\/div>\n\t\t<\/div>\n\t\t\t\t\t\t<\/div>\n\t\t\t\t<\/div>\n\t\t\t\t\t<\/div>\n\t\t<\/div>\n\t\t\t\t\t<\/div>\n\t\t<\/section>\n\t\t\t\t<section class=\"elementor-section elementor-top-section elementor-element elementor-element-8d5a6b6 elementor-section-boxed elementor-section-height-default elementor-section-height-default\" data-id=\"8d5a6b6\" data-element_type=\"section\">\n\t\t\t\t\t\t<div class=\"elementor-container elementor-column-gap-default\">\n\t\t\t\t\t<div class=\"elementor-column elementor-col-100 elementor-top-column elementor-element elementor-element-f81fc5c\" data-id=\"f81fc5c\" data-element_type=\"column\">\n\t\t\t<div class=\"elementor-widget-wrap elementor-element-populated\">\n\t\t\t\t\t\t<div class=\"elementor-element elementor-element-3946058 elementor-widget elementor-widget-text-editor\" data-id=\"3946058\" data-element_type=\"widget\" data-widget_type=\"text-editor.default\">\n\t\t\t\t<div class=\"elementor-widget-container\">\n\t\t\t\t\t\t\t\t\t<p><strong>1158 &#8211;<\/strong> <em>Convenios<\/em>.\u00a0<\/p><ul><li style=\"list-style-type: none;\"><ul><li style=\"list-style-type: none;\"><ul><li>Piscina Municipal de Icod de los Vinos\u00a0<a href=\"http:\/\/www.icodtesa.com.es\/GESTION\/wp-content\/uploads\/2025\/04\/CONVENIO-MARCO-EXCMO-AYUNTAMIENTO-DE-ICOD-DE-LOS-VINOS-piscina-15.pdf\" target=\"_blank\" rel=\"noopener\">(.pdf<\/a>) \u00a0(.<a href=\"http:\/\/www.icodtesa.com.es\/GESTION\/wp-content\/uploads\/2025\/04\/CONVENIO-MARCO-EXCMO-AYUNTAMIENTO-DE-ICOD-DE-LOS-VINOS-piscina-15.odt\" target=\"_blank\" rel=\"noopener\">odt<\/a>)<\/li><li>Parque del Drago\u00a0 (.<a href=\"http:\/\/www.icodtesa.com.es\/GESTION\/wp-content\/uploads\/2025\/04\/CONVENIO-MARCO-EXCMO-AYUNTAMIENTO-DE-ICOD-DE-LOS-VINOS-PARQUE-DEL-DRAGO-5.pdf\" target=\"_blank\" rel=\"noopener\">pdf<\/a>) (.<a href=\"http:\/\/www.icodtesa.com.es\/GESTION\/wp-content\/uploads\/2025\/04\/CONVENIO-MARCO-EXCMO-AYUNTAMIENTO-DE-ICOD-DE-LOS-VINOS-PARQUE-DEL-DRAGO-5.odt\" target=\"_blank\" rel=\"noopener\">odt<\/a>)<\/li><\/ul><\/li><\/ul><\/li><\/ul><p><strong>1174 &#8211;<\/strong> <em>Tarifas y Precio fijados<\/em>\u00a0 (<a href=\"http:\/\/www.icodtesa.com.es\/GESTION\/wp-content\/uploads\/2025\/04\/IMPORTE-TARIFARIO-AYUNTAMIENTO-ICOD-DE-LOS-VINOS.pdf\">.pdf<\/a>) (<a href=\"http:\/\/www.icodtesa.com.es\/GESTION\/wp-content\/uploads\/2025\/04\/IMPORTE-TARIFARIO-AYUNTAMIENTO-ICOD-DE-LOS-VINOS.odt\">.odt<\/a>)<\/p><p><strong>1167 &#8211;<\/strong> <em>Entidad encomandante o encomendada<\/em> (<a href=\"http:\/\/www.icodtesa.com.es\/GESTION\/wp-content\/uploads\/2025\/04\/ENTIDAD-ENCOMENDANTE-O-ENCOMENDADA.pdf\">.pdf<\/a>) (<a href=\"http:\/\/www.icodtesa.com.es\/GESTION\/wp-content\/uploads\/2025\/04\/ENTIDAD-ENCOMENDANTE-O-ENCOMENDADA.odt\">.odt<\/a>)<\/p><p><strong>1175 &#8211;<\/strong> <em>Encargos y encomiendas<\/em> (<a href=\"http:\/\/www.icodtesa.com.es\/GESTION\/wp-content\/uploads\/2025\/07\/1075-1.pdf\">.pdf<\/a>) (<a href=\"http:\/\/www.icodtesa.com.es\/GESTION\/wp-content\/uploads\/2025\/07\/1075-1.docx\">.odt<\/a>)<\/p><p><strong>1164 &#8211;<\/strong> <em>Modificaciones realizadas durante la vigencia<\/em>. (.<a href=\"http:\/\/www.icodtesa.com.es\/GESTION\/wp-content\/uploads\/2025\/04\/Modificaciones-realizadas-durante-la-vigencia-1.pdf\" target=\"_blank\" rel=\"noopener\">pdf<\/a>) (.<a href=\"http:\/\/www.icodtesa.com.es\/GESTION\/wp-content\/uploads\/2025\/04\/Modificaciones-realizadas-durante-la-vigencia-1.odt\" target=\"_blank\" rel=\"noopener\">odt<\/a>)\u00a0<\/p><p style=\"padding-left: 80px;\">Hasta la fecha no se han realizado modificaciones sobre dichos encargos\u00a0<\/p><p>\u00a0 \u00a0 \u00a0Fecha de actualizaci\u00f3n: 11\/04\/2025<\/p>\t\t\t\t\t\t\t\t<\/div>\n\t\t\t\t<\/div>\n\t\t\t\t\t<\/div>\n\t\t<\/div>\n\t\t\t\t\t<\/div>\n\t\t<\/section>\n\t\t\t\t<\/div>\n\t\t","protected":false},"excerpt":{"rendered":"<p>Informaci\u00f3n sobre encomiendas de gesti\u00f3n 1158 &#8211; Convenios.\u00a0 Piscina Municipal de Icod de los Vinos\u00a0(.pdf) \u00a0(.odt) Parque del Drago\u00a0 (.pdf) (.odt) 1174 &#8211; Tarifas y Precio fijados\u00a0 (.pdf) (.odt) 1167 &#8211; Entidad encomandante o encomendada (.pdf) (.odt) 1175 &#8211; Encargos y encomiendas (.pdf) (.odt) 1164 &#8211; Modificaciones realizadas durante la vigencia. (.pdf) (.odt)\u00a0 Hasta la [&hellip;]<\/p>\n","protected":false},"author":1,"featured_media":0,"parent":0,"menu_order":0,"comment_status":"closed","ping_status":"closed","template":"elementor_header_footer","meta":{"_monsterinsights_skip_tracking":false,"_monsterinsights_sitenote_active":false,"_monsterinsights_sitenote_note":"","_monsterinsights_sitenote_category":0,"site-sidebar-layout":"default","site-content-layout":"","ast-site-content-layout":"default","site-content-style":"default","site-sidebar-style":"default","ast-global-header-display":"","ast-banner-title-visibility":"","ast-main-header-display":"","ast-hfb-above-header-display":"","ast-hfb-below-header-display":"","ast-hfb-mobile-header-display":"","site-post-title":"","ast-breadcrumbs-content":"","ast-featured-img":"","footer-sml-layout":"","ast-disable-related-posts":"","theme-transparent-header-meta":"","adv-header-id-meta":"","stick-header-meta":"","header-above-stick-meta":"","header-main-stick-meta":"","header-below-stick-meta":"","astra-migrate-meta-layouts":"default","ast-page-background-enabled":"default","ast-page-background-meta":{"desktop":{"background-color":"","background-image":"","background-repeat":"repeat","background-position":"center center","background-size":"auto","background-attachment":"scroll","background-type":"","background-media":"","overlay-type":"","overlay-color":"","overlay-opacity":"","overlay-gradient":""},"tablet":{"background-color":"","background-image":"","background-repeat":"repeat","background-position":"center center","background-size":"auto","background-attachment":"scroll","background-type":"","background-media":"","overlay-type":"","overlay-color":"","overlay-opacity":"","overlay-gradient":""},"mobile":{"background-color":"","background-image":"","background-repeat":"repeat","background-position":"center center","background-size":"auto","background-attachment":"scroll","background-type":"","background-media":"","overlay-type":"","overlay-color":"","overlay-opacity":"","overlay-gradient":""}},"ast-content-background-meta":{"desktop":{"background-color":"var(--ast-global-color-5)","background-image":"","background-repeat":"repeat","background-position":"center center","background-size":"auto","background-attachment":"scroll","background-type":"","background-media":"","overlay-type":"","overlay-color":"","overlay-opacity":"","overlay-gradient":""},"tablet":{"background-color":"var(--ast-global-color-5)","background-image":"","background-repeat":"repeat","background-position":"center center","background-size":"auto","background-attachment":"scroll","background-type":"","background-media":"","overlay-type":"","overlay-color":"","overlay-opacity":"","overlay-gradient":""},"mobile":{"background-color":"var(--ast-global-color-5)","background-image":"","background-repeat":"repeat","background-position":"center center","background-size":"auto","background-attachment":"scroll","background-type":"","background-media":"","overlay-type":"","overlay-color":"","overlay-opacity":"","overlay-gradient":""}},"footnotes":""},"class_list":["post-863","page","type-page","status-publish","hentry"],"yoast_head":"<!-- This site is optimized with the Yoast SEO plugin v25.4 - https:\/\/yoast.com\/wordpress\/plugins\/seo\/ -->\n<title>Informaci\u00f3n sobre encomiendas de gesti\u00f3n - Icodtesa<\/title>\n<meta name=\"robots\" content=\"index, follow, max-snippet:-1, max-image-preview:large, max-video-preview:-1\" \/>\n<link rel=\"canonical\" href=\"https:\/\/www.icodtesa.com.es\/GESTION\/informacion-sobre-encomiendas-de-gestion\/\" \/>\n<meta property=\"og:locale\" content=\"es_ES\" \/>\n<meta property=\"og:type\" content=\"article\" \/>\n<meta property=\"og:title\" content=\"Informaci\u00f3n sobre encomiendas de gesti\u00f3n - Icodtesa\" \/>\n<meta property=\"og:description\" content=\"Informaci\u00f3n sobre encomiendas de gesti\u00f3n 1158 &#8211; Convenios.\u00a0 Piscina Municipal de Icod de los Vinos\u00a0(.pdf) \u00a0(.odt) Parque del Drago\u00a0 (.pdf) (.odt) 1174 &#8211; Tarifas y Precio fijados\u00a0 (.pdf) (.odt) 1167 &#8211; Entidad encomandante o encomendada (.pdf) (.odt) 1175 &#8211; Encargos y encomiendas (.pdf) (.odt) 1164 &#8211; Modificaciones realizadas durante la vigencia. (.pdf) (.odt)\u00a0 Hasta la [&hellip;]\" \/>\n<meta property=\"og:url\" content=\"https:\/\/www.icodtesa.com.es\/GESTION\/informacion-sobre-encomiendas-de-gestion\/\" \/>\n<meta property=\"og:site_name\" content=\"Icodtesa\" \/>\n<meta property=\"article:publisher\" content=\"https:\/\/www.facebook.com\/dragoicodtesa\" \/>\n<meta property=\"article:modified_time\" content=\"2025-07-07T10:29:07+00:00\" \/>\n<meta name=\"twitter:card\" content=\"summary_large_image\" \/>\n<meta name=\"twitter:site\" content=\"@dragoicodtesa\" \/>\n<meta name=\"twitter:label1\" content=\"Tiempo de lectura\" \/>\n\t<meta name=\"twitter:data1\" content=\"1 minuto\" \/>\n<script type=\"application\/ld+json\" class=\"yoast-schema-graph\">{\"@context\":\"https:\/\/schema.org\",\"@graph\":[{\"@type\":\"WebPage\",\"@id\":\"https:\/\/www.icodtesa.com.es\/GESTION\/informacion-sobre-encomiendas-de-gestion\/\",\"url\":\"https:\/\/www.icodtesa.com.es\/GESTION\/informacion-sobre-encomiendas-de-gestion\/\",\"name\":\"Informaci\u00f3n sobre encomiendas de gesti\u00f3n - Icodtesa\",\"isPartOf\":{\"@id\":\"https:\/\/www.icodtesa.com.es\/GESTION\/#website\"},\"datePublished\":\"2022-10-27T14:13:28+00:00\",\"dateModified\":\"2025-07-07T10:29:07+00:00\",\"breadcrumb\":{\"@id\":\"https:\/\/www.icodtesa.com.es\/GESTION\/informacion-sobre-encomiendas-de-gestion\/#breadcrumb\"},\"inLanguage\":\"es\",\"potentialAction\":[{\"@type\":\"ReadAction\",\"target\":[\"https:\/\/www.icodtesa.com.es\/GESTION\/informacion-sobre-encomiendas-de-gestion\/\"]}]},{\"@type\":\"BreadcrumbList\",\"@id\":\"https:\/\/www.icodtesa.com.es\/GESTION\/informacion-sobre-encomiendas-de-gestion\/#breadcrumb\",\"itemListElement\":[{\"@type\":\"ListItem\",\"position\":1,\"name\":\"Portada\",\"item\":\"https:\/\/www.icodtesa.com.es\/GESTION\/\"},{\"@type\":\"ListItem\",\"position\":2,\"name\":\"Informaci\u00f3n sobre encomiendas de gesti\u00f3n\"}]},{\"@type\":\"WebSite\",\"@id\":\"https:\/\/www.icodtesa.com.es\/GESTION\/#website\",\"url\":\"https:\/\/www.icodtesa.com.es\/GESTION\/\",\"name\":\"Icodtesa\",\"description\":\"\",\"publisher\":{\"@id\":\"https:\/\/www.icodtesa.com.es\/GESTION\/#organization\"},\"potentialAction\":[{\"@type\":\"SearchAction\",\"target\":{\"@type\":\"EntryPoint\",\"urlTemplate\":\"https:\/\/www.icodtesa.com.es\/GESTION\/?s={search_term_string}\"},\"query-input\":{\"@type\":\"PropertyValueSpecification\",\"valueRequired\":true,\"valueName\":\"search_term_string\"}}],\"inLanguage\":\"es\"},{\"@type\":\"Organization\",\"@id\":\"https:\/\/www.icodtesa.com.es\/GESTION\/#organization\",\"name\":\"Icodtesa\",\"url\":\"https:\/\/www.icodtesa.com.es\/GESTION\/\",\"logo\":{\"@type\":\"ImageObject\",\"inLanguage\":\"es\",\"@id\":\"https:\/\/www.icodtesa.com.es\/GESTION\/#\/schema\/logo\/image\/\",\"url\":\"http:\/\/www.icodtesa.com.es\/GESTION\/wp-content\/uploads\/2022\/07\/LOGO-DEFINITIVO-1-1024x638-1.png\",\"contentUrl\":\"http:\/\/www.icodtesa.com.es\/GESTION\/wp-content\/uploads\/2022\/07\/LOGO-DEFINITIVO-1-1024x638-1.png\",\"width\":1024,\"height\":638,\"caption\":\"Icodtesa\"},\"image\":{\"@id\":\"https:\/\/www.icodtesa.com.es\/GESTION\/#\/schema\/logo\/image\/\"},\"sameAs\":[\"https:\/\/www.facebook.com\/dragoicodtesa\",\"https:\/\/x.com\/dragoicodtesa\",\"https:\/\/www.instagram.com\/dragoicodtesa\/\"]}]}<\/script>\n<!-- \/ Yoast SEO plugin. -->","yoast_head_json":{"title":"Informaci\u00f3n sobre encomiendas de gesti\u00f3n - Icodtesa","robots":{"index":"index","follow":"follow","max-snippet":"max-snippet:-1","max-image-preview":"max-image-preview:large","max-video-preview":"max-video-preview:-1"},"canonical":"https:\/\/www.icodtesa.com.es\/GESTION\/informacion-sobre-encomiendas-de-gestion\/","og_locale":"es_ES","og_type":"article","og_title":"Informaci\u00f3n sobre encomiendas de gesti\u00f3n - Icodtesa","og_description":"Informaci\u00f3n sobre encomiendas de gesti\u00f3n 1158 &#8211; Convenios.\u00a0 Piscina Municipal de Icod de los Vinos\u00a0(.pdf) \u00a0(.odt) Parque del Drago\u00a0 (.pdf) (.odt) 1174 &#8211; Tarifas y Precio fijados\u00a0 (.pdf) (.odt) 1167 &#8211; Entidad encomandante o encomendada (.pdf) (.odt) 1175 &#8211; Encargos y encomiendas (.pdf) (.odt) 1164 &#8211; Modificaciones realizadas durante la vigencia. (.pdf) (.odt)\u00a0 Hasta la [&hellip;]","og_url":"https:\/\/www.icodtesa.com.es\/GESTION\/informacion-sobre-encomiendas-de-gestion\/","og_site_name":"Icodtesa","article_publisher":"https:\/\/www.facebook.com\/dragoicodtesa","article_modified_time":"2025-07-07T10:29:07+00:00","twitter_card":"summary_large_image","twitter_site":"@dragoicodtesa","twitter_misc":{"Tiempo de lectura":"1 minuto"},"schema":{"@context":"https:\/\/schema.org","@graph":[{"@type":"WebPage","@id":"https:\/\/www.icodtesa.com.es\/GESTION\/informacion-sobre-encomiendas-de-gestion\/","url":"https:\/\/www.icodtesa.com.es\/GESTION\/informacion-sobre-encomiendas-de-gestion\/","name":"Informaci\u00f3n sobre encomiendas de gesti\u00f3n - Icodtesa","isPartOf":{"@id":"https:\/\/www.icodtesa.com.es\/GESTION\/#website"},"datePublished":"2022-10-27T14:13:28+00:00","dateModified":"2025-07-07T10:29:07+00:00","breadcrumb":{"@id":"https:\/\/www.icodtesa.com.es\/GESTION\/informacion-sobre-encomiendas-de-gestion\/#breadcrumb"},"inLanguage":"es","potentialAction":[{"@type":"ReadAction","target":["https:\/\/www.icodtesa.com.es\/GESTION\/informacion-sobre-encomiendas-de-gestion\/"]}]},{"@type":"BreadcrumbList","@id":"https:\/\/www.icodtesa.com.es\/GESTION\/informacion-sobre-encomiendas-de-gestion\/#breadcrumb","itemListElement":[{"@type":"ListItem","position":1,"name":"Portada","item":"https:\/\/www.icodtesa.com.es\/GESTION\/"},{"@type":"ListItem","position":2,"name":"Informaci\u00f3n sobre encomiendas de gesti\u00f3n"}]},{"@type":"WebSite","@id":"https:\/\/www.icodtesa.com.es\/GESTION\/#website","url":"https:\/\/www.icodtesa.com.es\/GESTION\/","name":"Icodtesa","description":"","publisher":{"@id":"https:\/\/www.icodtesa.com.es\/GESTION\/#organization"},"potentialAction":[{"@type":"SearchAction","target":{"@type":"EntryPoint","urlTemplate":"https:\/\/www.icodtesa.com.es\/GESTION\/?s={search_term_string}"},"query-input":{"@type":"PropertyValueSpecification","valueRequired":true,"valueName":"search_term_string"}}],"inLanguage":"es"},{"@type":"Organization","@id":"https:\/\/www.icodtesa.com.es\/GESTION\/#organization","name":"Icodtesa","url":"https:\/\/www.icodtesa.com.es\/GESTION\/","logo":{"@type":"ImageObject","inLanguage":"es","@id":"https:\/\/www.icodtesa.com.es\/GESTION\/#\/schema\/logo\/image\/","url":"http:\/\/www.icodtesa.com.es\/GESTION\/wp-content\/uploads\/2022\/07\/LOGO-DEFINITIVO-1-1024x638-1.png","contentUrl":"http:\/\/www.icodtesa.com.es\/GESTION\/wp-content\/uploads\/2022\/07\/LOGO-DEFINITIVO-1-1024x638-1.png","width":1024,"height":638,"caption":"Icodtesa"},"image":{"@id":"https:\/\/www.icodtesa.com.es\/GESTION\/#\/schema\/logo\/image\/"},"sameAs":["https:\/\/www.facebook.com\/dragoicodtesa","https:\/\/x.com\/dragoicodtesa","https:\/\/www.instagram.com\/dragoicodtesa\/"]}]}},"_links":{"self":[{"href":"https:\/\/www.icodtesa.com.es\/GESTION\/wp-json\/wp\/v2\/pages\/863","targetHints":{"allow":["GET"]}}],"collection":[{"href":"https:\/\/www.icodtesa.com.es\/GESTION\/wp-json\/wp\/v2\/pages"}],"about":[{"href":"https:\/\/www.icodtesa.com.es\/GESTION\/wp-json\/wp\/v2\/types\/page"}],"author":[{"embeddable":true,"href":"https:\/\/www.icodtesa.com.es\/GESTION\/wp-json\/wp\/v2\/users\/1"}],"replies":[{"embeddable":true,"href":"https:\/\/www.icodtesa.com.es\/GESTION\/wp-json\/wp\/v2\/comments?post=863"}],"version-history":[{"count":40,"href":"https:\/\/www.icodtesa.com.es\/GESTION\/wp-json\/wp\/v2\/pages\/863\/revisions"}],"predecessor-version":[{"id":4743,"href":"https:\/\/www.icodtesa.com.es\/GESTION\/wp-json\/wp\/v2\/pages\/863\/revisions\/4743"}],"wp:attachment":[{"href":"https:\/\/www.icodtesa.com.es\/GESTION\/wp-json\/wp\/v2\/media?parent=863"}],"curies":[{"name":"wp","href":"https:\/\/api.w.org\/{rel}","templated":true}]}}