{"id":477,"date":"2022-07-14T12:42:23","date_gmt":"2022-07-14T12:42:23","guid":{"rendered":"https:\/\/www.icodtesa.com.es\/GESTION\/?page_id=477"},"modified":"2026-04-24T12:25:07","modified_gmt":"2026-04-24T12:25:07","slug":"informacion-sobre-contratos-y-encomiendas-de-gestion","status":"publish","type":"page","link":"https:\/\/www.icodtesa.com.es\/GESTION\/informacion-sobre-contratos-y-encomiendas-de-gestion\/","title":{"rendered":"Informaci\u00f3n sobre contratos  y encomiendas de gesti\u00f3n"},"content":{"rendered":"\t\t<div data-elementor-type=\"wp-page\" data-elementor-id=\"477\" class=\"elementor elementor-477\" data-elementor-post-type=\"page\">\n\t\t\t\t\t\t<section class=\"elementor-section elementor-top-section elementor-element elementor-element-5dcba5d elementor-section-stretched elementor-section-boxed elementor-section-height-default elementor-section-height-default\" data-id=\"5dcba5d\" data-element_type=\"section\" data-settings=\"{&quot;stretch_section&quot;:&quot;section-stretched&quot;,&quot;background_background&quot;:&quot;classic&quot;}\">\n\t\t\t\t\t\t<div class=\"elementor-container elementor-column-gap-default\">\n\t\t\t\t\t<div class=\"elementor-column elementor-col-100 elementor-top-column elementor-element elementor-element-d47f746\" data-id=\"d47f746\" data-element_type=\"column\">\n\t\t\t<div class=\"elementor-widget-wrap elementor-element-populated\">\n\t\t\t\t\t\t<div class=\"elementor-element elementor-element-faca7b9 elementor-widget elementor-widget-spacer\" data-id=\"faca7b9\" data-element_type=\"widget\" data-widget_type=\"spacer.default\">\n\t\t\t\t<div class=\"elementor-widget-container\">\n\t\t\t\t\t\t\t<div class=\"elementor-spacer\">\n\t\t\t<div class=\"elementor-spacer-inner\"><\/div>\n\t\t<\/div>\n\t\t\t\t\t\t<\/div>\n\t\t\t\t<\/div>\n\t\t\t\t<div class=\"elementor-element elementor-element-ecb11d8 elementor-widget elementor-widget-heading\" data-id=\"ecb11d8\" data-element_type=\"widget\" data-widget_type=\"heading.default\">\n\t\t\t\t<div class=\"elementor-widget-container\">\n\t\t\t\t\t<h2 class=\"elementor-heading-title elementor-size-default\">Informaci\u00f3n sobre contratos de gesti\u00f3n<\/h2>\t\t\t\t<\/div>\n\t\t\t\t<\/div>\n\t\t\t\t<div class=\"elementor-element elementor-element-4346b71 elementor-widget elementor-widget-spacer\" data-id=\"4346b71\" data-element_type=\"widget\" data-widget_type=\"spacer.default\">\n\t\t\t\t<div class=\"elementor-widget-container\">\n\t\t\t\t\t\t\t<div class=\"elementor-spacer\">\n\t\t\t<div class=\"elementor-spacer-inner\"><\/div>\n\t\t<\/div>\n\t\t\t\t\t\t<\/div>\n\t\t\t\t<\/div>\n\t\t\t\t\t<\/div>\n\t\t<\/div>\n\t\t\t\t\t<\/div>\n\t\t<\/section>\n\t\t\t\t<section class=\"elementor-section elementor-top-section elementor-element elementor-element-8d5a6b6 elementor-section-boxed elementor-section-height-default elementor-section-height-default\" data-id=\"8d5a6b6\" data-element_type=\"section\">\n\t\t\t\t\t\t<div class=\"elementor-container elementor-column-gap-default\">\n\t\t\t\t\t<div class=\"elementor-column elementor-col-100 elementor-top-column elementor-element elementor-element-f81fc5c\" data-id=\"f81fc5c\" data-element_type=\"column\">\n\t\t\t<div class=\"elementor-widget-wrap elementor-element-populated\">\n\t\t\t\t\t\t<div class=\"elementor-element elementor-element-9760e6f elementor-widget elementor-widget-spacer\" data-id=\"9760e6f\" data-element_type=\"widget\" data-widget_type=\"spacer.default\">\n\t\t\t\t<div class=\"elementor-widget-container\">\n\t\t\t\t\t\t\t<div class=\"elementor-spacer\">\n\t\t\t<div class=\"elementor-spacer-inner\"><\/div>\n\t\t<\/div>\n\t\t\t\t\t\t<\/div>\n\t\t\t\t<\/div>\n\t\t\t\t<div class=\"elementor-element elementor-element-3946058 elementor-widget elementor-widget-text-editor\" data-id=\"3946058\" data-element_type=\"widget\" data-widget_type=\"text-editor.default\">\n\t\t\t\t<div class=\"elementor-widget-container\">\n\t\t\t\t\t\t\t\t\t<p><strong>1157 &#8211;<\/strong> <em>Desistimientos y renuncias de contratos. 2025<\/em>&nbsp;(<a href=\"http:\/\/www.icodtesa.com.es\/GESTION\/wp-content\/uploads\/2025\/04\/DESISTIMIENTO-Y-RENUNCIAS-DE-CONTRATOS.pdf\">.pdf<\/a>) (<a href=\"http:\/\/www.icodtesa.com.es\/GESTION\/wp-content\/uploads\/2025\/04\/DESISTIMIENTO-Y-RENUNCIAS-DE-CONTRATOS.odt\">.odt<\/a>)<\/p>\n<p><span style=\"font-style: inherit; font-weight: inherit; background-color: var(--ast-global-color-4);\"><strong>2003&nbsp; &#8211;<\/strong> <em>Relaci\u00f3n de&nbsp; contratos menores. <\/em><\/span><span style=\"font-size: 1rem; font-style: inherit; font-weight: inherit; background-color: var(--ast-global-color-4);\"><em>2025<\/em>&nbsp; (<a href=\"http:\/\/www.icodtesa.com.es\/GESTION\/wp-content\/uploads\/2025\/04\/RELACION-DE-CONTRATOS-MENORES.pdf\">.pdf<\/a>) (<a href=\"http:\/\/www.icodtesa.com.es\/GESTION\/wp-content\/uploads\/2025\/04\/RELACION-DE-CONTRATOS-MENORES.odt\">.odt<\/a>)<\/span><\/p>\n<p><strong>1156 &#8211;<\/strong> <em>Penalidades impuestas por incumplimientos. <\/em><span style=\"background-color: var(--ast-global-color-4); font-size: 1rem;\"><em>2025<\/em>&nbsp;(<a href=\"http:\/\/www.icodtesa.com.es\/GESTION\/wp-content\/uploads\/2025\/04\/PENALIDADES-IMPUESTAS-POR-INCUMPLIMIENTOS.pdf\">.pdf<\/a>) (<a href=\"http:\/\/www.icodtesa.com.es\/GESTION\/wp-content\/uploads\/2025\/04\/PENALIDADES-IMPUESTAS-POR-INCUMPLIMIENTOS.odt\">.odt<\/a>)<\/span><\/p>\n<p><span style=\"color: var( --e-global-color-text ); font-family: var( --e-global-typography-text-font-family ), Sans-serif;\"><strong>1154 &#8211;<\/strong> <em>Modificaciones de los Contratos formalizados. <\/em><\/span><span style=\"background-color: var(--ast-global-color-4); font-size: 1rem;\"><em>2025<\/em>&nbsp;(<a href=\"http:\/\/www.icodtesa.com.es\/GESTION\/wp-content\/uploads\/2025\/04\/MODIFICACIONES-DE-LOS-CONTRATOS-FORMALIZADOS.pdf\">.pdf<\/a>) (<a href=\"http:\/\/www.icodtesa.com.es\/GESTION\/wp-content\/uploads\/2025\/04\/MODIFICACIONES-DE-LOS-CONTRATOS-FORMALIZADOS.odt\">.odt<\/a>)<\/span><\/p>\n<p><strong>1144&nbsp; &#8211;<\/strong>&nbsp;<em>Datos estad\u00edsticos sobre porcentaje en volumen presupuestario de contratos adjudicados. 2025<\/em>&nbsp;(<a href=\"http:\/\/www.icodtesa.com.es\/GESTION\/wp-content\/uploads\/2025\/04\/Contratos-adjudicados-1.pdf\">.pdf<\/a>) (<a href=\"http:\/\/www.icodtesa.com.es\/GESTION\/wp-content\/uploads\/2025\/04\/Contratos-adjudicados-1.odt\">.odt<\/a>)<\/p>\n<p><span style=\"background-color: var(--ast-global-color-4); font-size: 1rem;\"><strong>1143 &#8211;<\/strong> <em>Preguntas frecuentes y aclaraciones relativas a contenido de los contrato. <\/em><\/span><span style=\"background-color: var(--ast-global-color-4); font-size: 1rem;\"><em>2025<\/em>&nbsp;(<a href=\"http:\/\/www.icodtesa.com.es\/GESTION\/wp-content\/uploads\/2025\/04\/PREGUNTAS-FRECUENTES-Y-ACLARACIONES-RELATIVAS-A-CONTENIDOS-DE-LOS-CONTRATOS.pdf\">.pdf<\/a>) (<a href=\"http:\/\/www.icodtesa.com.es\/GESTION\/wp-content\/uploads\/2025\/04\/PREGUNTAS-FRECUENTES-Y-ACLARACIONES-RELATIVAS-A-CONTENIDOS-DE-LOS-CONTRATOS.odt\">.odt<\/a>)<\/span><\/p>\n<p><strong>1142&nbsp; &#8211;<\/strong>&nbsp;&nbsp;<span style=\"font-style: inherit; font-weight: inherit; background-color: var(--ast-global-color-4);\"><em>Composici\u00f3n y convocatorias de la mesa de contrataci\u00f3n. 2025<\/em>&nbsp; (<a href=\"http:\/\/www.icodtesa.com.es\/GESTION\/wp-content\/uploads\/2025\/04\/COMPOSICION-Y-CONVOCATORIAS-DE-LA-MESA-DE-CONTRATACION.pdf\">.pdf<\/a>) (<a href=\"http:\/\/www.icodtesa.com.es\/GESTION\/wp-content\/uploads\/2025\/04\/COMPOSICION-Y-CONVOCATORIAS-DE-LA-MESA-DE-CONTRATACION.odt\">.odt<\/a>)<\/span><\/p>\n<p><span style=\"font-style: inherit; font-weight: inherit; background-color: var(--ast-global-color-4);\">&nbsp;<strong>1141 &#8211;<\/strong> <em>Pliegos de prescripci\u00f3n t\u00e9cnica y de clausulas administrativa . 2025<\/em>&nbsp;(<a href=\"http:\/\/www.icodtesa.com.es\/GESTION\/wp-content\/uploads\/2025\/04\/PLIEGO-AUDITORES-CORRECTO.pdf\">.pdf<\/a>) (<a href=\"http:\/\/www.icodtesa.com.es\/GESTION\/wp-content\/uploads\/2025\/04\/PLIEGO-AUDITORES-CORRECTO.odt\">.odt<\/a>)<\/span><\/p>\n<p><strong>1139 &#8211;<\/strong> <em>Licitaciones anuladas.&nbsp; 2025<\/em>&nbsp;(<a href=\"http:\/\/www.icodtesa.com.es\/GESTION\/wp-content\/uploads\/2025\/04\/LICITACIONES-ANULADAS.pdf\">.pdf<\/a>) (<a href=\"http:\/\/www.icodtesa.com.es\/GESTION\/wp-content\/uploads\/2025\/04\/LICITACIONES-ANULADAS.odt\">.odt<\/a>)<\/p>\n<p><strong>1138 &#8211;<\/strong> <em>Contratos adjudicados 2025<\/em>&nbsp;(<a href=\"http:\/\/www.icodtesa.com.es\/GESTION\/wp-content\/uploads\/2025\/07\/1138.pdf\">.pdf<\/a>) (<a href=\"http:\/\/www.icodtesa.com.es\/GESTION\/wp-content\/uploads\/2025\/07\/1138.odt\">.odt<\/a>)<\/p>\n<p><strong>1137 &#8211;<\/strong>&nbsp; <em>Contratos Programados.&nbsp; &nbsp;2025<\/em>&nbsp;(<a href=\"http:\/\/www.icodtesa.com.es\/GESTION\/wp-content\/uploads\/2025\/07\/1137.pdf\">.pdf<\/a>) (<a href=\"http:\/\/www.icodtesa.com.es\/GESTION\/wp-content\/uploads\/2025\/07\/1137.odt\">.odt<\/a>)<\/p>\n<p><strong>1136 &#8211;<\/strong>&nbsp; <em>Informaci\u00f3n General del \u00d3rgano contratante de la empresa. 2025<\/em>&nbsp;(<a href=\"http:\/\/www.icodtesa.com.es\/GESTION\/wp-content\/uploads\/2025\/04\/Informacion-General-del-Organo-contratante-de-la-empresa.pdf\">.pdf<\/a>) (<a href=\"http:\/\/www.icodtesa.com.es\/GESTION\/wp-content\/uploads\/2025\/04\/Informacion-General-del-Organo-contratante-de-la-empresa.odt\">.odt<\/a>)<\/p>\n<p><i>El periodo medio de pago que se establece por la entidad a los proveedores es de 6<u>0 d\u00edas .<\/u><\/i><\/p>\n<p><em>Fecha de actualizaci\u00f3n: 24\/04\/2026<\/em><\/p>\t\t\t\t\t\t\t\t<\/div>\n\t\t\t\t<\/div>\n\t\t\t\t\t<\/div>\n\t\t<\/div>\n\t\t\t\t\t<\/div>\n\t\t<\/section>\n\t\t\t\t<\/div>\n\t\t","protected":false},"excerpt":{"rendered":"<p>Informaci\u00f3n sobre contratos de gesti\u00f3n 1157 &#8211; Desistimientos y renuncias de contratos. 2025&nbsp;(.pdf) (.odt) 2003&nbsp; &#8211; Relaci\u00f3n de&nbsp; contratos menores. 2025&nbsp; (.pdf) (.odt) 1156 &#8211; Penalidades impuestas por incumplimientos. 2025&nbsp;(.pdf) (.odt) 1154 &#8211; Modificaciones de los Contratos formalizados. 2025&nbsp;(.pdf) (.odt) 1144&nbsp; &#8211;&nbsp;Datos estad\u00edsticos sobre porcentaje en volumen presupuestario de contratos adjudicados. 2025&nbsp;(.pdf) (.odt) 1143 &#8211; [&hellip;]<\/p>\n","protected":false},"author":1,"featured_media":0,"parent":0,"menu_order":0,"comment_status":"closed","ping_status":"closed","template":"elementor_header_footer","meta":{"_monsterinsights_skip_tracking":false,"_monsterinsights_sitenote_active":false,"_monsterinsights_sitenote_note":"","_monsterinsights_sitenote_category":0,"site-sidebar-layout":"default","site-content-layout":"","ast-site-content-layout":"default","site-content-style":"default","site-sidebar-style":"default","ast-global-header-display":"","ast-banner-title-visibility":"","ast-main-header-display":"","ast-hfb-above-header-display":"","ast-hfb-below-header-display":"","ast-hfb-mobile-header-display":"","site-post-title":"disabled","ast-breadcrumbs-content":"","ast-featured-img":"","footer-sml-layout":"","ast-disable-related-posts":"","theme-transparent-header-meta":"","adv-header-id-meta":"","stick-header-meta":"","header-above-stick-meta":"","header-main-stick-meta":"","header-below-stick-meta":"","astra-migrate-meta-layouts":"default","ast-page-background-enabled":"default","ast-page-background-meta":{"desktop":{"background-color":"","background-image":"","background-repeat":"repeat","background-position":"center center","background-size":"auto","background-attachment":"scroll","background-type":"","background-media":"","overlay-type":"","overlay-color":"","overlay-opacity":"","overlay-gradient":""},"tablet":{"background-color":"","background-image":"","background-repeat":"repeat","background-position":"center center","background-size":"auto","background-attachment":"scroll","background-type":"","background-media":"","overlay-type":"","overlay-color":"","overlay-opacity":"","overlay-gradient":""},"mobile":{"background-color":"","background-image":"","background-repeat":"repeat","background-position":"center center","background-size":"auto","background-attachment":"scroll","background-type":"","background-media":"","overlay-type":"","overlay-color":"","overlay-opacity":"","overlay-gradient":""}},"ast-content-background-meta":{"desktop":{"background-color":"var(--ast-global-color-5)","background-image":"","background-repeat":"repeat","background-position":"center center","background-size":"auto","background-attachment":"scroll","background-type":"","background-media":"","overlay-type":"","overlay-color":"","overlay-opacity":"","overlay-gradient":""},"tablet":{"background-color":"var(--ast-global-color-5)","background-image":"","background-repeat":"repeat","background-position":"center center","background-size":"auto","background-attachment":"scroll","background-type":"","background-media":"","overlay-type":"","overlay-color":"","overlay-opacity":"","overlay-gradient":""},"mobile":{"background-color":"var(--ast-global-color-5)","background-image":"","background-repeat":"repeat","background-position":"center center","background-size":"auto","background-attachment":"scroll","background-type":"","background-media":"","overlay-type":"","overlay-color":"","overlay-opacity":"","overlay-gradient":""}},"footnotes":""},"class_list":["post-477","page","type-page","status-publish","hentry"],"yoast_head":"<!-- This site is optimized with the Yoast SEO plugin v25.4 - https:\/\/yoast.com\/wordpress\/plugins\/seo\/ -->\n<title>Informaci\u00f3n sobre contratos y encomiendas de gesti\u00f3n - Icodtesa<\/title>\n<meta name=\"robots\" content=\"index, follow, max-snippet:-1, max-image-preview:large, max-video-preview:-1\" \/>\n<link rel=\"canonical\" href=\"https:\/\/www.icodtesa.com.es\/GESTION\/informacion-sobre-contratos-y-encomiendas-de-gestion\/\" \/>\n<meta property=\"og:locale\" content=\"es_ES\" \/>\n<meta property=\"og:type\" content=\"article\" \/>\n<meta property=\"og:title\" content=\"Informaci\u00f3n sobre contratos y encomiendas de gesti\u00f3n - Icodtesa\" \/>\n<meta property=\"og:description\" content=\"Informaci\u00f3n sobre contratos de gesti\u00f3n 1157 &#8211; Desistimientos y renuncias de contratos. 2025&nbsp;(.pdf) (.odt) 2003&nbsp; &#8211; Relaci\u00f3n de&nbsp; contratos menores. 2025&nbsp; (.pdf) (.odt) 1156 &#8211; Penalidades impuestas por incumplimientos. 2025&nbsp;(.pdf) (.odt) 1154 &#8211; Modificaciones de los Contratos formalizados. 2025&nbsp;(.pdf) (.odt) 1144&nbsp; &#8211;&nbsp;Datos estad\u00edsticos sobre porcentaje en volumen presupuestario de contratos adjudicados. 2025&nbsp;(.pdf) (.odt) 1143 &#8211; [&hellip;]\" \/>\n<meta property=\"og:url\" content=\"https:\/\/www.icodtesa.com.es\/GESTION\/informacion-sobre-contratos-y-encomiendas-de-gestion\/\" \/>\n<meta property=\"og:site_name\" content=\"Icodtesa\" \/>\n<meta property=\"article:publisher\" content=\"https:\/\/www.facebook.com\/dragoicodtesa\" \/>\n<meta property=\"article:modified_time\" content=\"2026-04-24T12:25:07+00:00\" \/>\n<meta name=\"twitter:card\" content=\"summary_large_image\" \/>\n<meta name=\"twitter:site\" content=\"@dragoicodtesa\" \/>\n<meta name=\"twitter:label1\" content=\"Tiempo de lectura\" \/>\n\t<meta name=\"twitter:data1\" content=\"1 minuto\" \/>\n<script type=\"application\/ld+json\" class=\"yoast-schema-graph\">{\"@context\":\"https:\/\/schema.org\",\"@graph\":[{\"@type\":\"WebPage\",\"@id\":\"https:\/\/www.icodtesa.com.es\/GESTION\/informacion-sobre-contratos-y-encomiendas-de-gestion\/\",\"url\":\"https:\/\/www.icodtesa.com.es\/GESTION\/informacion-sobre-contratos-y-encomiendas-de-gestion\/\",\"name\":\"Informaci\u00f3n sobre contratos y encomiendas de gesti\u00f3n - Icodtesa\",\"isPartOf\":{\"@id\":\"https:\/\/www.icodtesa.com.es\/GESTION\/#website\"},\"datePublished\":\"2022-07-14T12:42:23+00:00\",\"dateModified\":\"2026-04-24T12:25:07+00:00\",\"breadcrumb\":{\"@id\":\"https:\/\/www.icodtesa.com.es\/GESTION\/informacion-sobre-contratos-y-encomiendas-de-gestion\/#breadcrumb\"},\"inLanguage\":\"es\",\"potentialAction\":[{\"@type\":\"ReadAction\",\"target\":[\"https:\/\/www.icodtesa.com.es\/GESTION\/informacion-sobre-contratos-y-encomiendas-de-gestion\/\"]}]},{\"@type\":\"BreadcrumbList\",\"@id\":\"https:\/\/www.icodtesa.com.es\/GESTION\/informacion-sobre-contratos-y-encomiendas-de-gestion\/#breadcrumb\",\"itemListElement\":[{\"@type\":\"ListItem\",\"position\":1,\"name\":\"Portada\",\"item\":\"https:\/\/www.icodtesa.com.es\/GESTION\/\"},{\"@type\":\"ListItem\",\"position\":2,\"name\":\"Informaci\u00f3n sobre contratos y encomiendas de gesti\u00f3n\"}]},{\"@type\":\"WebSite\",\"@id\":\"https:\/\/www.icodtesa.com.es\/GESTION\/#website\",\"url\":\"https:\/\/www.icodtesa.com.es\/GESTION\/\",\"name\":\"Icodtesa\",\"description\":\"\",\"publisher\":{\"@id\":\"https:\/\/www.icodtesa.com.es\/GESTION\/#organization\"},\"potentialAction\":[{\"@type\":\"SearchAction\",\"target\":{\"@type\":\"EntryPoint\",\"urlTemplate\":\"https:\/\/www.icodtesa.com.es\/GESTION\/?s={search_term_string}\"},\"query-input\":{\"@type\":\"PropertyValueSpecification\",\"valueRequired\":true,\"valueName\":\"search_term_string\"}}],\"inLanguage\":\"es\"},{\"@type\":\"Organization\",\"@id\":\"https:\/\/www.icodtesa.com.es\/GESTION\/#organization\",\"name\":\"Icodtesa\",\"url\":\"https:\/\/www.icodtesa.com.es\/GESTION\/\",\"logo\":{\"@type\":\"ImageObject\",\"inLanguage\":\"es\",\"@id\":\"https:\/\/www.icodtesa.com.es\/GESTION\/#\/schema\/logo\/image\/\",\"url\":\"http:\/\/www.icodtesa.com.es\/GESTION\/wp-content\/uploads\/2022\/07\/LOGO-DEFINITIVO-1-1024x638-1.png\",\"contentUrl\":\"http:\/\/www.icodtesa.com.es\/GESTION\/wp-content\/uploads\/2022\/07\/LOGO-DEFINITIVO-1-1024x638-1.png\",\"width\":1024,\"height\":638,\"caption\":\"Icodtesa\"},\"image\":{\"@id\":\"https:\/\/www.icodtesa.com.es\/GESTION\/#\/schema\/logo\/image\/\"},\"sameAs\":[\"https:\/\/www.facebook.com\/dragoicodtesa\",\"https:\/\/x.com\/dragoicodtesa\",\"https:\/\/www.instagram.com\/dragoicodtesa\/\"]}]}<\/script>\n<!-- \/ Yoast SEO plugin. -->","yoast_head_json":{"title":"Informaci\u00f3n sobre contratos y encomiendas de gesti\u00f3n - Icodtesa","robots":{"index":"index","follow":"follow","max-snippet":"max-snippet:-1","max-image-preview":"max-image-preview:large","max-video-preview":"max-video-preview:-1"},"canonical":"https:\/\/www.icodtesa.com.es\/GESTION\/informacion-sobre-contratos-y-encomiendas-de-gestion\/","og_locale":"es_ES","og_type":"article","og_title":"Informaci\u00f3n sobre contratos y encomiendas de gesti\u00f3n - Icodtesa","og_description":"Informaci\u00f3n sobre contratos de gesti\u00f3n 1157 &#8211; Desistimientos y renuncias de contratos. 2025&nbsp;(.pdf) (.odt) 2003&nbsp; &#8211; Relaci\u00f3n de&nbsp; contratos menores. 2025&nbsp; (.pdf) (.odt) 1156 &#8211; Penalidades impuestas por incumplimientos. 2025&nbsp;(.pdf) (.odt) 1154 &#8211; Modificaciones de los Contratos formalizados. 2025&nbsp;(.pdf) (.odt) 1144&nbsp; &#8211;&nbsp;Datos estad\u00edsticos sobre porcentaje en volumen presupuestario de contratos adjudicados. 2025&nbsp;(.pdf) (.odt) 1143 &#8211; [&hellip;]","og_url":"https:\/\/www.icodtesa.com.es\/GESTION\/informacion-sobre-contratos-y-encomiendas-de-gestion\/","og_site_name":"Icodtesa","article_publisher":"https:\/\/www.facebook.com\/dragoicodtesa","article_modified_time":"2026-04-24T12:25:07+00:00","twitter_card":"summary_large_image","twitter_site":"@dragoicodtesa","twitter_misc":{"Tiempo de lectura":"1 minuto"},"schema":{"@context":"https:\/\/schema.org","@graph":[{"@type":"WebPage","@id":"https:\/\/www.icodtesa.com.es\/GESTION\/informacion-sobre-contratos-y-encomiendas-de-gestion\/","url":"https:\/\/www.icodtesa.com.es\/GESTION\/informacion-sobre-contratos-y-encomiendas-de-gestion\/","name":"Informaci\u00f3n sobre contratos y encomiendas de gesti\u00f3n - Icodtesa","isPartOf":{"@id":"https:\/\/www.icodtesa.com.es\/GESTION\/#website"},"datePublished":"2022-07-14T12:42:23+00:00","dateModified":"2026-04-24T12:25:07+00:00","breadcrumb":{"@id":"https:\/\/www.icodtesa.com.es\/GESTION\/informacion-sobre-contratos-y-encomiendas-de-gestion\/#breadcrumb"},"inLanguage":"es","potentialAction":[{"@type":"ReadAction","target":["https:\/\/www.icodtesa.com.es\/GESTION\/informacion-sobre-contratos-y-encomiendas-de-gestion\/"]}]},{"@type":"BreadcrumbList","@id":"https:\/\/www.icodtesa.com.es\/GESTION\/informacion-sobre-contratos-y-encomiendas-de-gestion\/#breadcrumb","itemListElement":[{"@type":"ListItem","position":1,"name":"Portada","item":"https:\/\/www.icodtesa.com.es\/GESTION\/"},{"@type":"ListItem","position":2,"name":"Informaci\u00f3n sobre contratos y encomiendas de gesti\u00f3n"}]},{"@type":"WebSite","@id":"https:\/\/www.icodtesa.com.es\/GESTION\/#website","url":"https:\/\/www.icodtesa.com.es\/GESTION\/","name":"Icodtesa","description":"","publisher":{"@id":"https:\/\/www.icodtesa.com.es\/GESTION\/#organization"},"potentialAction":[{"@type":"SearchAction","target":{"@type":"EntryPoint","urlTemplate":"https:\/\/www.icodtesa.com.es\/GESTION\/?s={search_term_string}"},"query-input":{"@type":"PropertyValueSpecification","valueRequired":true,"valueName":"search_term_string"}}],"inLanguage":"es"},{"@type":"Organization","@id":"https:\/\/www.icodtesa.com.es\/GESTION\/#organization","name":"Icodtesa","url":"https:\/\/www.icodtesa.com.es\/GESTION\/","logo":{"@type":"ImageObject","inLanguage":"es","@id":"https:\/\/www.icodtesa.com.es\/GESTION\/#\/schema\/logo\/image\/","url":"http:\/\/www.icodtesa.com.es\/GESTION\/wp-content\/uploads\/2022\/07\/LOGO-DEFINITIVO-1-1024x638-1.png","contentUrl":"http:\/\/www.icodtesa.com.es\/GESTION\/wp-content\/uploads\/2022\/07\/LOGO-DEFINITIVO-1-1024x638-1.png","width":1024,"height":638,"caption":"Icodtesa"},"image":{"@id":"https:\/\/www.icodtesa.com.es\/GESTION\/#\/schema\/logo\/image\/"},"sameAs":["https:\/\/www.facebook.com\/dragoicodtesa","https:\/\/x.com\/dragoicodtesa","https:\/\/www.instagram.com\/dragoicodtesa\/"]}]}},"_links":{"self":[{"href":"https:\/\/www.icodtesa.com.es\/GESTION\/wp-json\/wp\/v2\/pages\/477","targetHints":{"allow":["GET"]}}],"collection":[{"href":"https:\/\/www.icodtesa.com.es\/GESTION\/wp-json\/wp\/v2\/pages"}],"about":[{"href":"https:\/\/www.icodtesa.com.es\/GESTION\/wp-json\/wp\/v2\/types\/page"}],"author":[{"embeddable":true,"href":"https:\/\/www.icodtesa.com.es\/GESTION\/wp-json\/wp\/v2\/users\/1"}],"replies":[{"embeddable":true,"href":"https:\/\/www.icodtesa.com.es\/GESTION\/wp-json\/wp\/v2\/comments?post=477"}],"version-history":[{"count":59,"href":"https:\/\/www.icodtesa.com.es\/GESTION\/wp-json\/wp\/v2\/pages\/477\/revisions"}],"predecessor-version":[{"id":4895,"href":"https:\/\/www.icodtesa.com.es\/GESTION\/wp-json\/wp\/v2\/pages\/477\/revisions\/4895"}],"wp:attachment":[{"href":"https:\/\/www.icodtesa.com.es\/GESTION\/wp-json\/wp\/v2\/media?parent=477"}],"curies":[{"name":"wp","href":"https:\/\/api.w.org\/{rel}","templated":true}]}}