{"id":2911,"date":"2023-04-18T13:44:50","date_gmt":"2023-04-18T13:44:50","guid":{"rendered":"https:\/\/www.icodtesa.com.es\/GESTION\/?page_id=2911"},"modified":"2025-07-14T09:41:58","modified_gmt":"2025-07-14T09:41:58","slug":"ruta-interior","status":"publish","type":"page","link":"https:\/\/www.icodtesa.com.es\/GESTION\/ruta-interior\/","title":{"rendered":"Ruta interior"},"content":{"rendered":"\t\t<div data-elementor-type=\"wp-page\" data-elementor-id=\"2911\" class=\"elementor elementor-2911\" data-elementor-post-type=\"page\">\n\t\t\t\t\t\t<section class=\"elementor-section elementor-top-section elementor-element elementor-element-118ee55 elementor-section-boxed elementor-section-height-default elementor-section-height-default\" data-id=\"118ee55\" data-element_type=\"section\">\n\t\t\t\t\t\t\t<div class=\"elementor-background-overlay\"><\/div>\n\t\t\t\t\t\t\t<div class=\"elementor-container elementor-column-gap-default\">\n\t\t\t\t\t<div class=\"elementor-column elementor-col-100 elementor-top-column elementor-element elementor-element-a48e266\" data-id=\"a48e266\" data-element_type=\"column\">\n\t\t\t<div class=\"elementor-widget-wrap elementor-element-populated\">\n\t\t\t\t\t\t<section class=\"elementor-section elementor-inner-section elementor-element elementor-element-4d4f11f elementor-section-boxed elementor-section-height-default elementor-section-height-default\" data-id=\"4d4f11f\" data-element_type=\"section\">\n\t\t\t\t\t\t\t<div class=\"elementor-background-overlay\"><\/div>\n\t\t\t\t\t\t\t<div class=\"elementor-container elementor-column-gap-default\">\n\t\t\t\t\t<div class=\"elementor-column elementor-col-100 elementor-inner-column elementor-element elementor-element-995ed4e\" data-id=\"995ed4e\" data-element_type=\"column\">\n\t\t\t<div class=\"elementor-widget-wrap elementor-element-populated\">\n\t\t\t\t\t\t<div class=\"elementor-element elementor-element-13a2a58 elementor-widget elementor-widget-heading\" data-id=\"13a2a58\" data-element_type=\"widget\" data-widget_type=\"heading.default\">\n\t\t\t\t<div class=\"elementor-widget-container\">\n\t\t\t\t\t<h2 class=\"elementor-heading-title elementor-size-default\">RUTA INTERIOR PARQUE DEL DRAGO<\/h2>\t\t\t\t<\/div>\n\t\t\t\t<\/div>\n\t\t\t\t\t<\/div>\n\t\t<\/div>\n\t\t\t\t\t<\/div>\n\t\t<\/section>\n\t\t\t\t\t<\/div>\n\t\t<\/div>\n\t\t\t\t\t<\/div>\n\t\t<\/section>\n\t\t\t\t<section class=\"elementor-section elementor-top-section elementor-element elementor-element-1fad61b elementor-section-boxed elementor-section-height-default elementor-section-height-default\" data-id=\"1fad61b\" data-element_type=\"section\">\n\t\t\t\t\t\t<div class=\"elementor-container elementor-column-gap-default\">\n\t\t\t\t\t<div class=\"elementor-column elementor-col-100 elementor-top-column elementor-element elementor-element-cb34bd8\" data-id=\"cb34bd8\" data-element_type=\"column\">\n\t\t\t<div class=\"elementor-widget-wrap elementor-element-populated\">\n\t\t\t\t\t\t<section class=\"elementor-section elementor-inner-section elementor-element elementor-element-b35f628 elementor-section-boxed elementor-section-height-default elementor-section-height-default\" data-id=\"b35f628\" data-element_type=\"section\">\n\t\t\t\t\t\t<div class=\"elementor-container elementor-column-gap-default\">\n\t\t\t\t\t<div class=\"elementor-column elementor-col-50 elementor-inner-column elementor-element elementor-element-2fe7ad9\" data-id=\"2fe7ad9\" data-element_type=\"column\">\n\t\t\t<div class=\"elementor-widget-wrap elementor-element-populated\">\n\t\t\t\t\t\t<div class=\"elementor-element elementor-element-6f0ce79 elementor-widget elementor-widget-text-editor\" data-id=\"6f0ce79\" data-element_type=\"widget\" data-widget_type=\"text-editor.default\">\n\t\t\t\t<div class=\"elementor-widget-container\">\n\t\t\t\t\t\t\t\t\t<p style=\"text-align: justify;\"><span style=\"font-weight: 400;\">Descubre, en un itinerario mixto eco-cultural, el parque del Drago Milenario. Adem\u00e1s, recorre el casco hist\u00f3rico de Icod de los Vinos y ad\u00e9ntrate en sus calles, conociendo su arquitectura hist\u00f3rica \/ religiosa y antiguas tradiciones, sus leyendas y misterios.\u00a0<\/span><\/p>\n<ul>\n<li><span style=\"font-weight: 400;\"><strong>Dificultad:<\/strong> Baja<\/span><\/li>\n<li><span style=\"font-weight: 400;\"><strong>Duraci\u00f3n aprox.:<\/strong> 1 hora 15 min.<\/span><\/li>\n<li><span style=\"font-weight: 400;\"><strong>Distancia:<\/strong> 1,5 km. <\/span><\/li>\n<\/ul>\t\t\t\t\t\t\t\t<\/div>\n\t\t\t\t<\/div>\n\t\t\t\t\t<\/div>\n\t\t<\/div>\n\t\t\t\t<div class=\"elementor-column elementor-col-50 elementor-inner-column elementor-element elementor-element-9f60a7a\" data-id=\"9f60a7a\" data-element_type=\"column\">\n\t\t\t<div class=\"elementor-widget-wrap elementor-element-populated\">\n\t\t\t\t\t\t<div class=\"elementor-element elementor-element-b16c99f elementor-widget elementor-widget-image\" data-id=\"b16c99f\" data-element_type=\"widget\" data-widget_type=\"image.default\">\n\t\t\t\t<div class=\"elementor-widget-container\">\n\t\t\t\t\t\t\t\t\t\t\t\t\t\t\t<img fetchpriority=\"high\" decoding=\"async\" width=\"1024\" height=\"682\" src=\"https:\/\/www.icodtesa.com.es\/GESTION\/wp-content\/uploads\/2024\/04\/NZ6_1794-1024x682.jpg\" class=\"attachment-large size-large wp-image-4276\" alt=\"\" srcset=\"https:\/\/www.icodtesa.com.es\/GESTION\/wp-content\/uploads\/2024\/04\/NZ6_1794-1024x682.jpg 1024w, https:\/\/www.icodtesa.com.es\/GESTION\/wp-content\/uploads\/2024\/04\/NZ6_1794-300x200.jpg 300w, https:\/\/www.icodtesa.com.es\/GESTION\/wp-content\/uploads\/2024\/04\/NZ6_1794-768x512.jpg 768w, https:\/\/www.icodtesa.com.es\/GESTION\/wp-content\/uploads\/2024\/04\/NZ6_1794-1536x1023.jpg 1536w, https:\/\/www.icodtesa.com.es\/GESTION\/wp-content\/uploads\/2024\/04\/NZ6_1794-2048x1364.jpg 2048w\" sizes=\"(max-width: 1024px) 100vw, 1024px\" \/>\t\t\t\t\t\t\t\t\t\t\t\t\t\t\t<\/div>\n\t\t\t\t<\/div>\n\t\t\t\t\t<\/div>\n\t\t<\/div>\n\t\t\t\t\t<\/div>\n\t\t<\/section>\n\t\t\t\t\t<\/div>\n\t\t<\/div>\n\t\t\t\t\t<\/div>\n\t\t<\/section>\n\t\t\t\t<\/div>\n\t\t","protected":false},"excerpt":{"rendered":"<p>RUTA INTERIOR PARQUE DEL DRAGO Descubre, en un itinerario mixto eco-cultural, el parque del Drago Milenario. Adem\u00e1s, recorre el casco hist\u00f3rico de Icod de los Vinos y ad\u00e9ntrate en sus calles, conociendo su arquitectura hist\u00f3rica \/ religiosa y antiguas tradiciones, sus leyendas y misterios.\u00a0 Dificultad: Baja Duraci\u00f3n aprox.: 1 hora 15 min. Distancia: 1,5 km.<\/p>\n","protected":false},"author":1,"featured_media":0,"parent":0,"menu_order":0,"comment_status":"closed","ping_status":"closed","template":"","meta":{"_monsterinsights_skip_tracking":false,"_monsterinsights_sitenote_active":false,"_monsterinsights_sitenote_note":"","_monsterinsights_sitenote_category":0,"site-sidebar-layout":"no-sidebar","site-content-layout":"page-builder","ast-site-content-layout":"full-width-container","site-content-style":"unboxed","site-sidebar-style":"unboxed","ast-global-header-display":"","ast-banner-title-visibility":"","ast-main-header-display":"","ast-hfb-above-header-display":"","ast-hfb-below-header-display":"","ast-hfb-mobile-header-display":"","site-post-title":"disabled","ast-breadcrumbs-content":"","ast-featured-img":"disabled","footer-sml-layout":"","ast-disable-related-posts":"","theme-transparent-header-meta":"","adv-header-id-meta":"","stick-header-meta":"","header-above-stick-meta":"","header-main-stick-meta":"","header-below-stick-meta":"","astra-migrate-meta-layouts":"set","ast-page-background-enabled":"default","ast-page-background-meta":{"desktop":{"background-color":"","background-image":"","background-repeat":"repeat","background-position":"center center","background-size":"auto","background-attachment":"scroll","background-type":"","background-media":"","overlay-type":"","overlay-color":"","overlay-opacity":"","overlay-gradient":""},"tablet":{"background-color":"","background-image":"","background-repeat":"repeat","background-position":"center center","background-size":"auto","background-attachment":"scroll","background-type":"","background-media":"","overlay-type":"","overlay-color":"","overlay-opacity":"","overlay-gradient":""},"mobile":{"background-color":"","background-image":"","background-repeat":"repeat","background-position":"center center","background-size":"auto","background-attachment":"scroll","background-type":"","background-media":"","overlay-type":"","overlay-color":"","overlay-opacity":"","overlay-gradient":""}},"ast-content-background-meta":{"desktop":{"background-color":"var(--ast-global-color-5)","background-image":"","background-repeat":"repeat","background-position":"center center","background-size":"auto","background-attachment":"scroll","background-type":"","background-media":"","overlay-type":"","overlay-color":"","overlay-opacity":"","overlay-gradient":""},"tablet":{"background-color":"var(--ast-global-color-5)","background-image":"","background-repeat":"repeat","background-position":"center center","background-size":"auto","background-attachment":"scroll","background-type":"","background-media":"","overlay-type":"","overlay-color":"","overlay-opacity":"","overlay-gradient":""},"mobile":{"background-color":"var(--ast-global-color-5)","background-image":"","background-repeat":"repeat","background-position":"center center","background-size":"auto","background-attachment":"scroll","background-type":"","background-media":"","overlay-type":"","overlay-color":"","overlay-opacity":"","overlay-gradient":""}},"footnotes":""},"class_list":["post-2911","page","type-page","status-publish","hentry"],"yoast_head":"<!-- This site is optimized with the Yoast SEO plugin v25.4 - https:\/\/yoast.com\/wordpress\/plugins\/seo\/ -->\n<title>Ruta interior - Icodtesa<\/title>\n<meta name=\"robots\" content=\"index, follow, max-snippet:-1, max-image-preview:large, max-video-preview:-1\" \/>\n<link rel=\"canonical\" href=\"https:\/\/www.icodtesa.com.es\/GESTION\/ruta-interior\/\" \/>\n<meta property=\"og:locale\" content=\"es_ES\" \/>\n<meta property=\"og:type\" content=\"article\" \/>\n<meta property=\"og:title\" content=\"Ruta interior - Icodtesa\" \/>\n<meta property=\"og:description\" content=\"RUTA INTERIOR PARQUE DEL DRAGO Descubre, en un itinerario mixto eco-cultural, el parque del Drago Milenario. Adem\u00e1s, recorre el casco hist\u00f3rico de Icod de los Vinos y ad\u00e9ntrate en sus calles, conociendo su arquitectura hist\u00f3rica \/ religiosa y antiguas tradiciones, sus leyendas y misterios.\u00a0 Dificultad: Baja Duraci\u00f3n aprox.: 1 hora 15 min. Distancia: 1,5 km.\" \/>\n<meta property=\"og:url\" content=\"https:\/\/www.icodtesa.com.es\/GESTION\/ruta-interior\/\" \/>\n<meta property=\"og:site_name\" content=\"Icodtesa\" \/>\n<meta property=\"article:publisher\" content=\"https:\/\/www.facebook.com\/dragoicodtesa\" \/>\n<meta property=\"article:modified_time\" content=\"2025-07-14T09:41:58+00:00\" \/>\n<meta property=\"og:image\" content=\"http:\/\/www.icodtesa.com.es\/GESTION\/wp-content\/uploads\/2024\/04\/NZ6_1794-1024x682.jpg\" \/>\n<meta name=\"twitter:card\" content=\"summary_large_image\" \/>\n<meta name=\"twitter:site\" content=\"@dragoicodtesa\" \/>\n<meta name=\"twitter:label1\" content=\"Tiempo de lectura\" \/>\n\t<meta name=\"twitter:data1\" content=\"1 minuto\" \/>\n<script type=\"application\/ld+json\" class=\"yoast-schema-graph\">{\"@context\":\"https:\/\/schema.org\",\"@graph\":[{\"@type\":\"WebPage\",\"@id\":\"https:\/\/www.icodtesa.com.es\/GESTION\/ruta-interior\/\",\"url\":\"https:\/\/www.icodtesa.com.es\/GESTION\/ruta-interior\/\",\"name\":\"Ruta interior - Icodtesa\",\"isPartOf\":{\"@id\":\"https:\/\/www.icodtesa.com.es\/GESTION\/#website\"},\"primaryImageOfPage\":{\"@id\":\"https:\/\/www.icodtesa.com.es\/GESTION\/ruta-interior\/#primaryimage\"},\"image\":{\"@id\":\"https:\/\/www.icodtesa.com.es\/GESTION\/ruta-interior\/#primaryimage\"},\"thumbnailUrl\":\"http:\/\/www.icodtesa.com.es\/GESTION\/wp-content\/uploads\/2024\/04\/NZ6_1794-1024x682.jpg\",\"datePublished\":\"2023-04-18T13:44:50+00:00\",\"dateModified\":\"2025-07-14T09:41:58+00:00\",\"breadcrumb\":{\"@id\":\"https:\/\/www.icodtesa.com.es\/GESTION\/ruta-interior\/#breadcrumb\"},\"inLanguage\":\"es\",\"potentialAction\":[{\"@type\":\"ReadAction\",\"target\":[\"https:\/\/www.icodtesa.com.es\/GESTION\/ruta-interior\/\"]}]},{\"@type\":\"ImageObject\",\"inLanguage\":\"es\",\"@id\":\"https:\/\/www.icodtesa.com.es\/GESTION\/ruta-interior\/#primaryimage\",\"url\":\"https:\/\/www.icodtesa.com.es\/GESTION\/wp-content\/uploads\/2024\/04\/NZ6_1794-scaled.jpg\",\"contentUrl\":\"https:\/\/www.icodtesa.com.es\/GESTION\/wp-content\/uploads\/2024\/04\/NZ6_1794-scaled.jpg\",\"width\":2560,\"height\":1705},{\"@type\":\"BreadcrumbList\",\"@id\":\"https:\/\/www.icodtesa.com.es\/GESTION\/ruta-interior\/#breadcrumb\",\"itemListElement\":[{\"@type\":\"ListItem\",\"position\":1,\"name\":\"Portada\",\"item\":\"https:\/\/www.icodtesa.com.es\/GESTION\/\"},{\"@type\":\"ListItem\",\"position\":2,\"name\":\"Ruta interior\"}]},{\"@type\":\"WebSite\",\"@id\":\"https:\/\/www.icodtesa.com.es\/GESTION\/#website\",\"url\":\"https:\/\/www.icodtesa.com.es\/GESTION\/\",\"name\":\"Icodtesa\",\"description\":\"\",\"publisher\":{\"@id\":\"https:\/\/www.icodtesa.com.es\/GESTION\/#organization\"},\"potentialAction\":[{\"@type\":\"SearchAction\",\"target\":{\"@type\":\"EntryPoint\",\"urlTemplate\":\"https:\/\/www.icodtesa.com.es\/GESTION\/?s={search_term_string}\"},\"query-input\":{\"@type\":\"PropertyValueSpecification\",\"valueRequired\":true,\"valueName\":\"search_term_string\"}}],\"inLanguage\":\"es\"},{\"@type\":\"Organization\",\"@id\":\"https:\/\/www.icodtesa.com.es\/GESTION\/#organization\",\"name\":\"Icodtesa\",\"url\":\"https:\/\/www.icodtesa.com.es\/GESTION\/\",\"logo\":{\"@type\":\"ImageObject\",\"inLanguage\":\"es\",\"@id\":\"https:\/\/www.icodtesa.com.es\/GESTION\/#\/schema\/logo\/image\/\",\"url\":\"http:\/\/www.icodtesa.com.es\/GESTION\/wp-content\/uploads\/2022\/07\/LOGO-DEFINITIVO-1-1024x638-1.png\",\"contentUrl\":\"http:\/\/www.icodtesa.com.es\/GESTION\/wp-content\/uploads\/2022\/07\/LOGO-DEFINITIVO-1-1024x638-1.png\",\"width\":1024,\"height\":638,\"caption\":\"Icodtesa\"},\"image\":{\"@id\":\"https:\/\/www.icodtesa.com.es\/GESTION\/#\/schema\/logo\/image\/\"},\"sameAs\":[\"https:\/\/www.facebook.com\/dragoicodtesa\",\"https:\/\/x.com\/dragoicodtesa\",\"https:\/\/www.instagram.com\/dragoicodtesa\/\"]}]}<\/script>\n<!-- \/ Yoast SEO plugin. -->","yoast_head_json":{"title":"Ruta interior - Icodtesa","robots":{"index":"index","follow":"follow","max-snippet":"max-snippet:-1","max-image-preview":"max-image-preview:large","max-video-preview":"max-video-preview:-1"},"canonical":"https:\/\/www.icodtesa.com.es\/GESTION\/ruta-interior\/","og_locale":"es_ES","og_type":"article","og_title":"Ruta interior - Icodtesa","og_description":"RUTA INTERIOR PARQUE DEL DRAGO Descubre, en un itinerario mixto eco-cultural, el parque del Drago Milenario. Adem\u00e1s, recorre el casco hist\u00f3rico de Icod de los Vinos y ad\u00e9ntrate en sus calles, conociendo su arquitectura hist\u00f3rica \/ religiosa y antiguas tradiciones, sus leyendas y misterios.\u00a0 Dificultad: Baja Duraci\u00f3n aprox.: 1 hora 15 min. Distancia: 1,5 km.","og_url":"https:\/\/www.icodtesa.com.es\/GESTION\/ruta-interior\/","og_site_name":"Icodtesa","article_publisher":"https:\/\/www.facebook.com\/dragoicodtesa","article_modified_time":"2025-07-14T09:41:58+00:00","og_image":[{"url":"http:\/\/www.icodtesa.com.es\/GESTION\/wp-content\/uploads\/2024\/04\/NZ6_1794-1024x682.jpg","type":"","width":"","height":""}],"twitter_card":"summary_large_image","twitter_site":"@dragoicodtesa","twitter_misc":{"Tiempo de lectura":"1 minuto"},"schema":{"@context":"https:\/\/schema.org","@graph":[{"@type":"WebPage","@id":"https:\/\/www.icodtesa.com.es\/GESTION\/ruta-interior\/","url":"https:\/\/www.icodtesa.com.es\/GESTION\/ruta-interior\/","name":"Ruta interior - Icodtesa","isPartOf":{"@id":"https:\/\/www.icodtesa.com.es\/GESTION\/#website"},"primaryImageOfPage":{"@id":"https:\/\/www.icodtesa.com.es\/GESTION\/ruta-interior\/#primaryimage"},"image":{"@id":"https:\/\/www.icodtesa.com.es\/GESTION\/ruta-interior\/#primaryimage"},"thumbnailUrl":"http:\/\/www.icodtesa.com.es\/GESTION\/wp-content\/uploads\/2024\/04\/NZ6_1794-1024x682.jpg","datePublished":"2023-04-18T13:44:50+00:00","dateModified":"2025-07-14T09:41:58+00:00","breadcrumb":{"@id":"https:\/\/www.icodtesa.com.es\/GESTION\/ruta-interior\/#breadcrumb"},"inLanguage":"es","potentialAction":[{"@type":"ReadAction","target":["https:\/\/www.icodtesa.com.es\/GESTION\/ruta-interior\/"]}]},{"@type":"ImageObject","inLanguage":"es","@id":"https:\/\/www.icodtesa.com.es\/GESTION\/ruta-interior\/#primaryimage","url":"https:\/\/www.icodtesa.com.es\/GESTION\/wp-content\/uploads\/2024\/04\/NZ6_1794-scaled.jpg","contentUrl":"https:\/\/www.icodtesa.com.es\/GESTION\/wp-content\/uploads\/2024\/04\/NZ6_1794-scaled.jpg","width":2560,"height":1705},{"@type":"BreadcrumbList","@id":"https:\/\/www.icodtesa.com.es\/GESTION\/ruta-interior\/#breadcrumb","itemListElement":[{"@type":"ListItem","position":1,"name":"Portada","item":"https:\/\/www.icodtesa.com.es\/GESTION\/"},{"@type":"ListItem","position":2,"name":"Ruta interior"}]},{"@type":"WebSite","@id":"https:\/\/www.icodtesa.com.es\/GESTION\/#website","url":"https:\/\/www.icodtesa.com.es\/GESTION\/","name":"Icodtesa","description":"","publisher":{"@id":"https:\/\/www.icodtesa.com.es\/GESTION\/#organization"},"potentialAction":[{"@type":"SearchAction","target":{"@type":"EntryPoint","urlTemplate":"https:\/\/www.icodtesa.com.es\/GESTION\/?s={search_term_string}"},"query-input":{"@type":"PropertyValueSpecification","valueRequired":true,"valueName":"search_term_string"}}],"inLanguage":"es"},{"@type":"Organization","@id":"https:\/\/www.icodtesa.com.es\/GESTION\/#organization","name":"Icodtesa","url":"https:\/\/www.icodtesa.com.es\/GESTION\/","logo":{"@type":"ImageObject","inLanguage":"es","@id":"https:\/\/www.icodtesa.com.es\/GESTION\/#\/schema\/logo\/image\/","url":"http:\/\/www.icodtesa.com.es\/GESTION\/wp-content\/uploads\/2022\/07\/LOGO-DEFINITIVO-1-1024x638-1.png","contentUrl":"http:\/\/www.icodtesa.com.es\/GESTION\/wp-content\/uploads\/2022\/07\/LOGO-DEFINITIVO-1-1024x638-1.png","width":1024,"height":638,"caption":"Icodtesa"},"image":{"@id":"https:\/\/www.icodtesa.com.es\/GESTION\/#\/schema\/logo\/image\/"},"sameAs":["https:\/\/www.facebook.com\/dragoicodtesa","https:\/\/x.com\/dragoicodtesa","https:\/\/www.instagram.com\/dragoicodtesa\/"]}]}},"_links":{"self":[{"href":"https:\/\/www.icodtesa.com.es\/GESTION\/wp-json\/wp\/v2\/pages\/2911","targetHints":{"allow":["GET"]}}],"collection":[{"href":"https:\/\/www.icodtesa.com.es\/GESTION\/wp-json\/wp\/v2\/pages"}],"about":[{"href":"https:\/\/www.icodtesa.com.es\/GESTION\/wp-json\/wp\/v2\/types\/page"}],"author":[{"embeddable":true,"href":"https:\/\/www.icodtesa.com.es\/GESTION\/wp-json\/wp\/v2\/users\/1"}],"replies":[{"embeddable":true,"href":"https:\/\/www.icodtesa.com.es\/GESTION\/wp-json\/wp\/v2\/comments?post=2911"}],"version-history":[{"count":21,"href":"https:\/\/www.icodtesa.com.es\/GESTION\/wp-json\/wp\/v2\/pages\/2911\/revisions"}],"predecessor-version":[{"id":4769,"href":"https:\/\/www.icodtesa.com.es\/GESTION\/wp-json\/wp\/v2\/pages\/2911\/revisions\/4769"}],"wp:attachment":[{"href":"https:\/\/www.icodtesa.com.es\/GESTION\/wp-json\/wp\/v2\/media?parent=2911"}],"curies":[{"name":"wp","href":"https:\/\/api.w.org\/{rel}","templated":true}]}}