{"id":1488,"date":"2023-04-17T12:48:28","date_gmt":"2023-04-17T12:48:28","guid":{"rendered":"https:\/\/www.icodtesa.com.es\/GESTION\/?page_id=1488"},"modified":"2023-08-16T12:40:52","modified_gmt":"2023-08-16T12:40:52","slug":"ruta-costera-accesible","status":"publish","type":"page","link":"https:\/\/www.icodtesa.com.es\/GESTION\/ruta-costera-accesible\/","title":{"rendered":"Ruta Costera Accesible"},"content":{"rendered":"\t\t<div data-elementor-type=\"wp-page\" data-elementor-id=\"1488\" class=\"elementor elementor-1488\" data-elementor-post-type=\"page\">\n\t\t\t\t\t\t<section class=\"elementor-section elementor-top-section elementor-element elementor-element-a9d324c elementor-section-boxed elementor-section-height-default elementor-section-height-default\" data-id=\"a9d324c\" data-element_type=\"section\">\n\t\t\t\t\t\t\t<div class=\"elementor-background-overlay\"><\/div>\n\t\t\t\t\t\t\t<div class=\"elementor-container elementor-column-gap-default\">\n\t\t\t\t\t<div class=\"elementor-column elementor-col-100 elementor-top-column elementor-element elementor-element-dfcd504\" data-id=\"dfcd504\" data-element_type=\"column\">\n\t\t\t<div class=\"elementor-widget-wrap elementor-element-populated\">\n\t\t\t\t\t\t<section class=\"elementor-section elementor-inner-section elementor-element elementor-element-36f4bcf elementor-section-boxed elementor-section-height-default elementor-section-height-default\" data-id=\"36f4bcf\" data-element_type=\"section\">\n\t\t\t\t\t\t<div class=\"elementor-container elementor-column-gap-default\">\n\t\t\t\t\t<div class=\"elementor-column elementor-col-100 elementor-inner-column elementor-element elementor-element-76711de\" data-id=\"76711de\" data-element_type=\"column\">\n\t\t\t<div class=\"elementor-widget-wrap elementor-element-populated\">\n\t\t\t\t\t\t<div class=\"elementor-element elementor-element-442e145 elementor-widget elementor-widget-heading\" data-id=\"442e145\" data-element_type=\"widget\" data-widget_type=\"heading.default\">\n\t\t\t\t<div class=\"elementor-widget-container\">\n\t\t\t\t\t<h2 class=\"elementor-heading-title elementor-size-default\">RUTA COSTERA ACCESIBLE<\/h2>\t\t\t\t<\/div>\n\t\t\t\t<\/div>\n\t\t\t\t\t<\/div>\n\t\t<\/div>\n\t\t\t\t\t<\/div>\n\t\t<\/section>\n\t\t\t\t\t<\/div>\n\t\t<\/div>\n\t\t\t\t\t<\/div>\n\t\t<\/section>\n\t\t\t\t<section class=\"elementor-section elementor-top-section elementor-element elementor-element-b363b94 elementor-section-boxed elementor-section-height-default elementor-section-height-default\" data-id=\"b363b94\" data-element_type=\"section\">\n\t\t\t\t\t\t<div class=\"elementor-container elementor-column-gap-default\">\n\t\t\t\t\t<div class=\"elementor-column elementor-col-100 elementor-top-column elementor-element elementor-element-1b7a6c0\" data-id=\"1b7a6c0\" data-element_type=\"column\">\n\t\t\t<div class=\"elementor-widget-wrap elementor-element-populated\">\n\t\t\t\t\t\t<section class=\"elementor-section elementor-inner-section elementor-element elementor-element-6860516 elementor-section-boxed elementor-section-height-default elementor-section-height-default\" data-id=\"6860516\" data-element_type=\"section\">\n\t\t\t\t\t\t<div class=\"elementor-container elementor-column-gap-default\">\n\t\t\t\t\t<div class=\"elementor-column elementor-col-50 elementor-inner-column elementor-element elementor-element-6fe1e5b\" data-id=\"6fe1e5b\" data-element_type=\"column\">\n\t\t\t<div class=\"elementor-widget-wrap elementor-element-populated\">\n\t\t\t\t\t\t<div class=\"elementor-element elementor-element-af32713 elementor-widget__width-initial elementor-widget elementor-widget-text-editor\" data-id=\"af32713\" data-element_type=\"widget\" data-widget_type=\"text-editor.default\">\n\t\t\t\t<div class=\"elementor-widget-container\">\n\t\t\t\t\t\t\t\t\t<p><span style=\"font-weight: 400;\">Este sendero comienza en la urbanizaci\u00f3n La Hurona del municipio de Icod de los Vinos, terminando en el Guincho. En el sendero podr\u00e1 observar varios lugares de inter\u00e9s como haciendas importantes adem\u00e1s de plataneras, de las cuales nuestros gu\u00edas dar\u00e1n todo tipo de informaci\u00f3n de estas. <\/span><\/p><ul><li style=\"font-weight: 400;\" aria-level=\"1\"><span style=\"font-weight: 400; color: #000000;\"><strong>Dificultad:<\/strong> Baja<\/span><\/li><li style=\"font-weight: 400;\" aria-level=\"1\"><span style=\"font-weight: 400; color: #000000;\"><strong>Distancia:<\/strong> <span style=\"font-weight: 400;\">1.10<\/span>\u00a0Kil\u00f3metros\u00a0<\/span><\/li><li style=\"font-weight: 400;\" aria-level=\"1\"><span style=\"font-weight: 400; color: #000000;\"><strong>Duraci\u00f3n aproximada:<\/strong> 1<span style=\"font-weight: 400;\"> Hora<\/span><\/span><\/li><li style=\"font-weight: 400;\" aria-level=\"1\"><span style=\"font-weight: 400; color: #000000;\"><strong>Altitud m\u00e1xima:<\/strong> <span style=\"font-weight: 400;\">101<\/span>\u00a0metros<\/span><\/li><li style=\"font-weight: 400;\" aria-level=\"1\"><span style=\"font-weight: 400; color: #000000;\"><strong>Altitud m\u00ednima:<\/strong> <span style=\"font-weight: 400;\">80<\/span><\/span><span style=\"font-weight: 400; color: #000000;\">\u00a0metros<\/span><\/li><\/ul>\t\t\t\t\t\t\t\t<\/div>\n\t\t\t\t<\/div>\n\t\t\t\t\t<\/div>\n\t\t<\/div>\n\t\t\t\t<div class=\"elementor-column elementor-col-50 elementor-inner-column elementor-element elementor-element-a6045d8\" data-id=\"a6045d8\" data-element_type=\"column\">\n\t\t\t<div class=\"elementor-widget-wrap elementor-element-populated\">\n\t\t\t\t\t\t<div class=\"elementor-element elementor-element-af1d3bd elementor-widget__width-initial elementor--h-position-center elementor--v-position-middle elementor-arrows-position-inside elementor-widget elementor-widget-slides\" data-id=\"af1d3bd\" data-element_type=\"widget\" data-settings=\"{&quot;navigation&quot;:&quot;arrows&quot;,&quot;autoplay&quot;:&quot;yes&quot;,&quot;pause_on_hover&quot;:&quot;yes&quot;,&quot;pause_on_interaction&quot;:&quot;yes&quot;,&quot;autoplay_speed&quot;:5000,&quot;infinite&quot;:&quot;yes&quot;,&quot;transition&quot;:&quot;slide&quot;,&quot;transition_speed&quot;:500}\" data-widget_type=\"slides.default\">\n\t\t\t\t<div class=\"elementor-widget-container\">\n\t\t\t\t\t\t\t<div class=\"elementor-swiper\">\n\t\t\t<div class=\"elementor-slides-wrapper elementor-main-swiper swiper-container\" dir=\"ltr\" data-animation=\"fadeInUp\">\n\t\t\t\t<div class=\"swiper-wrapper elementor-slides\">\n\t\t\t\t\t\t\t\t\t\t<div class=\"elementor-repeater-item-9b0a3bf swiper-slide\"><div class=\"swiper-slide-bg\" role=\"img\"><\/div><div class=\"swiper-slide-inner\" ><div class=\"swiper-slide-contents\"><\/div><\/div><\/div><div class=\"elementor-repeater-item-601928a swiper-slide\"><div class=\"swiper-slide-bg\" role=\"img\"><\/div><div class=\"swiper-slide-inner\" ><div class=\"swiper-slide-contents\"><\/div><\/div><\/div>\t\t\t\t<\/div>\n\t\t\t\t\t\t\t\t\t\t\t\t\t\t\t\t\t\t\t\t<div class=\"elementor-swiper-button elementor-swiper-button-prev\" role=\"button\" tabindex=\"0\">\n\t\t\t\t\t\t\t<i aria-hidden=\"true\" class=\"eicon-chevron-left\"><\/i>\t\t\t\t\t\t\t<span class=\"elementor-screen-only\">Diapositiva anterior<\/span>\n\t\t\t\t\t\t<\/div>\n\t\t\t\t\t\t<div class=\"elementor-swiper-button elementor-swiper-button-next\" role=\"button\" tabindex=\"0\">\n\t\t\t\t\t\t\t<i aria-hidden=\"true\" class=\"eicon-chevron-right\"><\/i>\t\t\t\t\t\t\t<span class=\"elementor-screen-only\">Diapositiva siguiente<\/span>\n\t\t\t\t\t\t<\/div>\n\t\t\t\t\t\t\t\t\t\t\t\t<\/div>\n\t\t<\/div>\n\t\t\t\t\t\t<\/div>\n\t\t\t\t<\/div>\n\t\t\t\t\t<\/div>\n\t\t<\/div>\n\t\t\t\t\t<\/div>\n\t\t<\/section>\n\t\t\t\t\t<\/div>\n\t\t<\/div>\n\t\t\t\t\t<\/div>\n\t\t<\/section>\n\t\t\t\t<\/div>\n\t\t","protected":false},"excerpt":{"rendered":"<p>RUTA COSTERA ACCESIBLE Este sendero comienza en la urbanizaci\u00f3n La Hurona del municipio de Icod de los Vinos, terminando en el Guincho. En el sendero podr\u00e1 observar varios lugares de inter\u00e9s como haciendas importantes adem\u00e1s de plataneras, de las cuales nuestros gu\u00edas dar\u00e1n todo tipo de informaci\u00f3n de estas. Dificultad: Baja Distancia: 1.10\u00a0Kil\u00f3metros\u00a0 Duraci\u00f3n aproximada: [&hellip;]<\/p>\n","protected":false},"author":1,"featured_media":0,"parent":0,"menu_order":0,"comment_status":"closed","ping_status":"closed","template":"","meta":{"_monsterinsights_skip_tracking":false,"_monsterinsights_sitenote_active":false,"_monsterinsights_sitenote_note":"","_monsterinsights_sitenote_category":0,"site-sidebar-layout":"no-sidebar","site-content-layout":"page-builder","ast-site-content-layout":"default","site-content-style":"default","site-sidebar-style":"default","ast-global-header-display":"","ast-banner-title-visibility":"","ast-main-header-display":"","ast-hfb-above-header-display":"","ast-hfb-below-header-display":"","ast-hfb-mobile-header-display":"","site-post-title":"disabled","ast-breadcrumbs-content":"","ast-featured-img":"disabled","footer-sml-layout":"","ast-disable-related-posts":"","theme-transparent-header-meta":"","adv-header-id-meta":"","stick-header-meta":"","header-above-stick-meta":"","header-main-stick-meta":"","header-below-stick-meta":"","astra-migrate-meta-layouts":"default","ast-page-background-enabled":"default","ast-page-background-meta":{"desktop":{"background-color":"","background-image":"","background-repeat":"repeat","background-position":"center center","background-size":"auto","background-attachment":"scroll","background-type":"","background-media":"","overlay-type":"","overlay-color":"","overlay-opacity":"","overlay-gradient":""},"tablet":{"background-color":"","background-image":"","background-repeat":"repeat","background-position":"center center","background-size":"auto","background-attachment":"scroll","background-type":"","background-media":"","overlay-type":"","overlay-color":"","overlay-opacity":"","overlay-gradient":""},"mobile":{"background-color":"","background-image":"","background-repeat":"repeat","background-position":"center center","background-size":"auto","background-attachment":"scroll","background-type":"","background-media":"","overlay-type":"","overlay-color":"","overlay-opacity":"","overlay-gradient":""}},"ast-content-background-meta":{"desktop":{"background-color":"var(--ast-global-color-5)","background-image":"","background-repeat":"repeat","background-position":"center center","background-size":"auto","background-attachment":"scroll","background-type":"","background-media":"","overlay-type":"","overlay-color":"","overlay-opacity":"","overlay-gradient":""},"tablet":{"background-color":"var(--ast-global-color-5)","background-image":"","background-repeat":"repeat","background-position":"center center","background-size":"auto","background-attachment":"scroll","background-type":"","background-media":"","overlay-type":"","overlay-color":"","overlay-opacity":"","overlay-gradient":""},"mobile":{"background-color":"var(--ast-global-color-5)","background-image":"","background-repeat":"repeat","background-position":"center center","background-size":"auto","background-attachment":"scroll","background-type":"","background-media":"","overlay-type":"","overlay-color":"","overlay-opacity":"","overlay-gradient":""}},"footnotes":""},"class_list":["post-1488","page","type-page","status-publish","hentry"],"yoast_head":"<!-- This site is optimized with the Yoast SEO plugin v25.4 - https:\/\/yoast.com\/wordpress\/plugins\/seo\/ -->\n<title>Ruta Costera Accesible - Icodtesa<\/title>\n<meta name=\"robots\" content=\"index, follow, max-snippet:-1, max-image-preview:large, max-video-preview:-1\" \/>\n<link rel=\"canonical\" href=\"https:\/\/www.icodtesa.com.es\/GESTION\/ruta-costera-accesible\/\" \/>\n<meta property=\"og:locale\" content=\"es_ES\" \/>\n<meta property=\"og:type\" content=\"article\" \/>\n<meta property=\"og:title\" content=\"Ruta Costera Accesible - Icodtesa\" \/>\n<meta property=\"og:description\" content=\"RUTA COSTERA ACCESIBLE Este sendero comienza en la urbanizaci\u00f3n La Hurona del municipio de Icod de los Vinos, terminando en el Guincho. En el sendero podr\u00e1 observar varios lugares de inter\u00e9s como haciendas importantes adem\u00e1s de plataneras, de las cuales nuestros gu\u00edas dar\u00e1n todo tipo de informaci\u00f3n de estas. Dificultad: Baja Distancia: 1.10\u00a0Kil\u00f3metros\u00a0 Duraci\u00f3n aproximada: [&hellip;]\" \/>\n<meta property=\"og:url\" content=\"https:\/\/www.icodtesa.com.es\/GESTION\/ruta-costera-accesible\/\" \/>\n<meta property=\"og:site_name\" content=\"Icodtesa\" \/>\n<meta property=\"article:publisher\" content=\"https:\/\/www.facebook.com\/dragoicodtesa\" \/>\n<meta property=\"article:modified_time\" content=\"2023-08-16T12:40:52+00:00\" \/>\n<meta name=\"twitter:card\" content=\"summary_large_image\" \/>\n<meta name=\"twitter:site\" content=\"@dragoicodtesa\" \/>\n<script type=\"application\/ld+json\" class=\"yoast-schema-graph\">{\"@context\":\"https:\/\/schema.org\",\"@graph\":[{\"@type\":\"WebPage\",\"@id\":\"https:\/\/www.icodtesa.com.es\/GESTION\/ruta-costera-accesible\/\",\"url\":\"https:\/\/www.icodtesa.com.es\/GESTION\/ruta-costera-accesible\/\",\"name\":\"Ruta Costera Accesible - Icodtesa\",\"isPartOf\":{\"@id\":\"https:\/\/www.icodtesa.com.es\/GESTION\/#website\"},\"datePublished\":\"2023-04-17T12:48:28+00:00\",\"dateModified\":\"2023-08-16T12:40:52+00:00\",\"breadcrumb\":{\"@id\":\"https:\/\/www.icodtesa.com.es\/GESTION\/ruta-costera-accesible\/#breadcrumb\"},\"inLanguage\":\"es\",\"potentialAction\":[{\"@type\":\"ReadAction\",\"target\":[\"https:\/\/www.icodtesa.com.es\/GESTION\/ruta-costera-accesible\/\"]}]},{\"@type\":\"BreadcrumbList\",\"@id\":\"https:\/\/www.icodtesa.com.es\/GESTION\/ruta-costera-accesible\/#breadcrumb\",\"itemListElement\":[{\"@type\":\"ListItem\",\"position\":1,\"name\":\"Portada\",\"item\":\"https:\/\/www.icodtesa.com.es\/GESTION\/\"},{\"@type\":\"ListItem\",\"position\":2,\"name\":\"Ruta Costera Accesible\"}]},{\"@type\":\"WebSite\",\"@id\":\"https:\/\/www.icodtesa.com.es\/GESTION\/#website\",\"url\":\"https:\/\/www.icodtesa.com.es\/GESTION\/\",\"name\":\"Icodtesa\",\"description\":\"\",\"publisher\":{\"@id\":\"https:\/\/www.icodtesa.com.es\/GESTION\/#organization\"},\"potentialAction\":[{\"@type\":\"SearchAction\",\"target\":{\"@type\":\"EntryPoint\",\"urlTemplate\":\"https:\/\/www.icodtesa.com.es\/GESTION\/?s={search_term_string}\"},\"query-input\":{\"@type\":\"PropertyValueSpecification\",\"valueRequired\":true,\"valueName\":\"search_term_string\"}}],\"inLanguage\":\"es\"},{\"@type\":\"Organization\",\"@id\":\"https:\/\/www.icodtesa.com.es\/GESTION\/#organization\",\"name\":\"Icodtesa\",\"url\":\"https:\/\/www.icodtesa.com.es\/GESTION\/\",\"logo\":{\"@type\":\"ImageObject\",\"inLanguage\":\"es\",\"@id\":\"https:\/\/www.icodtesa.com.es\/GESTION\/#\/schema\/logo\/image\/\",\"url\":\"http:\/\/www.icodtesa.com.es\/GESTION\/wp-content\/uploads\/2022\/07\/LOGO-DEFINITIVO-1-1024x638-1.png\",\"contentUrl\":\"http:\/\/www.icodtesa.com.es\/GESTION\/wp-content\/uploads\/2022\/07\/LOGO-DEFINITIVO-1-1024x638-1.png\",\"width\":1024,\"height\":638,\"caption\":\"Icodtesa\"},\"image\":{\"@id\":\"https:\/\/www.icodtesa.com.es\/GESTION\/#\/schema\/logo\/image\/\"},\"sameAs\":[\"https:\/\/www.facebook.com\/dragoicodtesa\",\"https:\/\/x.com\/dragoicodtesa\",\"https:\/\/www.instagram.com\/dragoicodtesa\/\"]}]}<\/script>\n<!-- \/ Yoast SEO plugin. -->","yoast_head_json":{"title":"Ruta Costera Accesible - Icodtesa","robots":{"index":"index","follow":"follow","max-snippet":"max-snippet:-1","max-image-preview":"max-image-preview:large","max-video-preview":"max-video-preview:-1"},"canonical":"https:\/\/www.icodtesa.com.es\/GESTION\/ruta-costera-accesible\/","og_locale":"es_ES","og_type":"article","og_title":"Ruta Costera Accesible - Icodtesa","og_description":"RUTA COSTERA ACCESIBLE Este sendero comienza en la urbanizaci\u00f3n La Hurona del municipio de Icod de los Vinos, terminando en el Guincho. En el sendero podr\u00e1 observar varios lugares de inter\u00e9s como haciendas importantes adem\u00e1s de plataneras, de las cuales nuestros gu\u00edas dar\u00e1n todo tipo de informaci\u00f3n de estas. Dificultad: Baja Distancia: 1.10\u00a0Kil\u00f3metros\u00a0 Duraci\u00f3n aproximada: [&hellip;]","og_url":"https:\/\/www.icodtesa.com.es\/GESTION\/ruta-costera-accesible\/","og_site_name":"Icodtesa","article_publisher":"https:\/\/www.facebook.com\/dragoicodtesa","article_modified_time":"2023-08-16T12:40:52+00:00","twitter_card":"summary_large_image","twitter_site":"@dragoicodtesa","schema":{"@context":"https:\/\/schema.org","@graph":[{"@type":"WebPage","@id":"https:\/\/www.icodtesa.com.es\/GESTION\/ruta-costera-accesible\/","url":"https:\/\/www.icodtesa.com.es\/GESTION\/ruta-costera-accesible\/","name":"Ruta Costera Accesible - Icodtesa","isPartOf":{"@id":"https:\/\/www.icodtesa.com.es\/GESTION\/#website"},"datePublished":"2023-04-17T12:48:28+00:00","dateModified":"2023-08-16T12:40:52+00:00","breadcrumb":{"@id":"https:\/\/www.icodtesa.com.es\/GESTION\/ruta-costera-accesible\/#breadcrumb"},"inLanguage":"es","potentialAction":[{"@type":"ReadAction","target":["https:\/\/www.icodtesa.com.es\/GESTION\/ruta-costera-accesible\/"]}]},{"@type":"BreadcrumbList","@id":"https:\/\/www.icodtesa.com.es\/GESTION\/ruta-costera-accesible\/#breadcrumb","itemListElement":[{"@type":"ListItem","position":1,"name":"Portada","item":"https:\/\/www.icodtesa.com.es\/GESTION\/"},{"@type":"ListItem","position":2,"name":"Ruta Costera Accesible"}]},{"@type":"WebSite","@id":"https:\/\/www.icodtesa.com.es\/GESTION\/#website","url":"https:\/\/www.icodtesa.com.es\/GESTION\/","name":"Icodtesa","description":"","publisher":{"@id":"https:\/\/www.icodtesa.com.es\/GESTION\/#organization"},"potentialAction":[{"@type":"SearchAction","target":{"@type":"EntryPoint","urlTemplate":"https:\/\/www.icodtesa.com.es\/GESTION\/?s={search_term_string}"},"query-input":{"@type":"PropertyValueSpecification","valueRequired":true,"valueName":"search_term_string"}}],"inLanguage":"es"},{"@type":"Organization","@id":"https:\/\/www.icodtesa.com.es\/GESTION\/#organization","name":"Icodtesa","url":"https:\/\/www.icodtesa.com.es\/GESTION\/","logo":{"@type":"ImageObject","inLanguage":"es","@id":"https:\/\/www.icodtesa.com.es\/GESTION\/#\/schema\/logo\/image\/","url":"http:\/\/www.icodtesa.com.es\/GESTION\/wp-content\/uploads\/2022\/07\/LOGO-DEFINITIVO-1-1024x638-1.png","contentUrl":"http:\/\/www.icodtesa.com.es\/GESTION\/wp-content\/uploads\/2022\/07\/LOGO-DEFINITIVO-1-1024x638-1.png","width":1024,"height":638,"caption":"Icodtesa"},"image":{"@id":"https:\/\/www.icodtesa.com.es\/GESTION\/#\/schema\/logo\/image\/"},"sameAs":["https:\/\/www.facebook.com\/dragoicodtesa","https:\/\/x.com\/dragoicodtesa","https:\/\/www.instagram.com\/dragoicodtesa\/"]}]}},"_links":{"self":[{"href":"https:\/\/www.icodtesa.com.es\/GESTION\/wp-json\/wp\/v2\/pages\/1488","targetHints":{"allow":["GET"]}}],"collection":[{"href":"https:\/\/www.icodtesa.com.es\/GESTION\/wp-json\/wp\/v2\/pages"}],"about":[{"href":"https:\/\/www.icodtesa.com.es\/GESTION\/wp-json\/wp\/v2\/types\/page"}],"author":[{"embeddable":true,"href":"https:\/\/www.icodtesa.com.es\/GESTION\/wp-json\/wp\/v2\/users\/1"}],"replies":[{"embeddable":true,"href":"https:\/\/www.icodtesa.com.es\/GESTION\/wp-json\/wp\/v2\/comments?post=1488"}],"version-history":[{"count":24,"href":"https:\/\/www.icodtesa.com.es\/GESTION\/wp-json\/wp\/v2\/pages\/1488\/revisions"}],"predecessor-version":[{"id":3580,"href":"https:\/\/www.icodtesa.com.es\/GESTION\/wp-json\/wp\/v2\/pages\/1488\/revisions\/3580"}],"wp:attachment":[{"href":"https:\/\/www.icodtesa.com.es\/GESTION\/wp-json\/wp\/v2\/media?parent=1488"}],"curies":[{"name":"wp","href":"https:\/\/api.w.org\/{rel}","templated":true}]}}